{"id":5208,"date":"2019-04-17T09:29:53","date_gmt":"2019-04-17T09:29:53","guid":{"rendered":"https:\/\/www.lacroixducasse.com\/home\/"},"modified":"2024-07-09T12:17:09","modified_gmt":"2024-07-09T10:17:09","slug":"home","status":"publish","type":"page","link":"https:\/\/www.lacroixducasse.com\/en\/home\/","title":{"rendered":"Home"},"content":{"rendered":"<div class=\"wpb-content-wrapper\">[vc_row full_height=&#8221;yes&#8221; columns_placement=&#8221;stretch&#8221; equal_height=&#8221;yes&#8221; css_animation=&#8221;none&#8221; el_id=&#8221;section-1&#8243; el_class=&#8221;vc_row_slider&#8221;][vc_column el_class=&#8221;column-no-zindex&#8221;]\t<section class=\"section-slider-main\">\n\t\t\n\t\t<div class=\"slider-main\">\n\t\t\t<div class=\"slider__clip swiper-container\">\n\t\t\t\t<div class=\"slider__slides swiper-wrapper\">\n\t\t\t\t\t\t<div class=\"slider__slide swiper-slide\">\n\t\t<div class=\"slider__slide-image\"\n\t\tstyle=\"background-image: url(https:\/\/www.lacroixducasse.com\/wp-content\/uploads\/2022\/03\/BLOC-1-1.jpg);\">\n\t\t<\/div><!-- \/.slider__slide-image -->\n\n\t\t\t\t\t<div class=\"slider__slide-content\">\n\t\t\t\t<a href=\"https:\/\/www.lacroixducasse.com\/en\/\" class=\"intro-logo\">\n\t\t\t\t\t<img decoding=\"async\" src=\"https:\/\/www.lacroixducasse.com\/wp-content\/uploads\/2022\/03\/Group-108.svg\" class=\"aligncenter logo-desktop\" alt=\"\" \/><img decoding=\"async\" src=\"https:\/\/www.lacroixducasse.com\/wp-content\/uploads\/2022\/03\/Group-108.svg\" class=\"aligncenter logo-mobile\" alt=\"\" \/>\t\t\t\t<\/a>\n\t\t\t<\/div><!-- \/.slider__slide-content -->\n\t\t\t<\/div><!-- \/.slider__slide -->\n\t\t<div class=\"slider__slide swiper-slide\">\n\t\t<div class=\"slider__slide-image slider__slide--video\">\n\t\t\t<div id=\"video-iZdUKG0V4N0\"\n\t\t\t\tclass=\"video\"\n\t\t\t\tdata-video-width=\"640\"\n\t\t\t\tdata-video-height=\"360\"\n\t\t\t\tdata-video-offset=\"20\"\n\t\t\t>\n\t\t\t\t<div class=\"js-player\"\n\t\t\t\t\tid=\"player-iZdUKG0V4N0\"\n\t\t\t\t\tdata-plyr-provider=\"youtube\"\n\t\t\t\t\tdata-plyr-embed-id=\"iZdUKG0V4N0\"\n\t\t\t\t><\/div>\n\t\t\t<\/div><!-- \/.video -->\n\t\t<\/div><!-- \/.slider__slide-image -->\n\n\t\t\t<\/div><!-- \/.slider__slide -->\n\t\n\t\t\t\t<\/div><!-- \/.slider__slides -->\n\t\t\t<\/div><!-- \/.slider__clip -->\n\n\t\t\t<div class=\"swiper-button-prev\"><\/div>\n\t\t\t<div class=\"swiper-button-next\"><\/div>\n\t\t<\/div><!-- \/.slider-main -->\n\t<\/section><!-- \/.section-slider-main -->\n\t[\/vc_column][\/vc_row][vc_row full_height=&#8221;yes&#8221; columns_placement=&#8221;stretch&#8221; equal_height=&#8221;yes&#8221; content_placement=&#8221;middle&#8221; el_id=&#8221;section-2&#8243; el_class=&#8221;vc_row_overlap&#8221;][vc_column css_animation=&#8221;fadeInLeft&#8221; width=&#8221;5\/12&#8243;][vc_column_text el_class=&#8221;wpb_text_column&#8211;overflow-title&#8221;]\n<h2><span style=\"color: #002e6d;\">CH\u00c2TEAU LA CROIX DU CASSE, THE LATEST ACQUISITION BY THE BCAP GROUP<\/span><\/h2>\n<p>Once owned and managed by the Audy-Arcaute family, the property was sadly abandoned for a number of years. In 2005 the estate was purchased by the Cast\u00e9ja family, and with investment and re-structuring the quality of the wine has greatly improved to where it should be. It is proudly BCAP group&#8217;s latest acquisition.<\/p>\n<p><a href=\"https:\/\/www.lacroixducasse.com\/en\/presentation\/\">FIND OUT MORE ABOUT THE HISTORY OF THE CH\u00c2TEAU<\/a>[\/vc_column_text][\/vc_column][vc_column css_animation=&#8221;fadeInRight&#8221; width=&#8221;7\/12&#8243; css=&#8221;.vc_custom_1647355631466{padding-right: 15px !important;background-image: url(http:\/\/www.lacroixducasse.com\/wp-content\/uploads\/2022\/03\/BLOC-2-P1-LE-CHATEAU-LA-CROIX-DU-CASSE-1.jpg?id=4570) !important;background-position: center !important;background-repeat: no-repeat !important;background-size: cover !important;}&#8221;][\/vc_column][\/vc_row][vc_row content_placement=&#8221;bottom&#8221; el_id=&#8221;section-3&#8243; css=&#8221;.vc_custom_1621578947557{background-color: #f8f7f7 !important;}&#8221; el_class=&#8221;vc_row_overlap&#8221;][vc_column css_animation=&#8221;fadeInLeft&#8221; width=&#8221;5\/12&#8243;][vc_single_image image=&#8221;4576&#8243; img_size=&#8221;full&#8221; alignment=&#8221;right&#8221;][\/vc_column][vc_column css_animation=&#8221;fadeInRight&#8221; width=&#8221;7\/12&#8243; el_class=&#8221;flex-center&#8221;][vc_column_text el_class=&#8221;wpb_text_column&#8211;overflow-title&#8221;]\n<h2><span style=\"color: #002e6d;\">A VINEYARD WITH GREAT POTENTIAL <\/span><br \/>\n<span style=\"color: #002e6d;\">IN THE SOUTH OF POMEROL<\/span><\/h2>\n<p>The vineyards of Ch\u00e2teau La Croix du Casse is located in the south of Pomerol, one of the appellation&#8217;s first terroirs. With 9.5 hectares of vines planted with the grape varieties that are representative of the appellation&#8217;s wines: 90% Merlot and 10% Cabernet Franc. Its terroir of sandy gravel and iron dirt soil produce quality grapes.<\/p>\n<p><a href=\"https:\/\/www.lacroixducasse.com\/en\/terroir\">DISCOVER THE TERROIR AND VINEYARD OF CH\u00c2TEAU LA CROIX DU CASSE<\/a>[\/vc_column_text][\/vc_column][\/vc_row][vc_row full_height=&#8221;yes&#8221; columns_placement=&#8221;stretch&#8221; equal_height=&#8221;yes&#8221; content_placement=&#8221;middle&#8221; css=&#8221;.vc_custom_1647355689656{background-image: url(http:\/\/www.lacroixducasse.com\/wp-content\/uploads\/2022\/03\/BLOC-4-P3-UN-SAVOIR-FAIRE-MINUTIEUX-1-scaled.jpg?id=4578) !important;background-position: center !important;background-repeat: no-repeat !important;background-size: cover !important;}&#8221; el_id=&#8221;section-4&#8243; el_class=&#8221;vc_row_dark_overlay&#8221;][vc_column css_animation=&#8221;fadeIn&#8221; width=&#8221;1\/6&#8243;][\/vc_column][vc_column css_animation=&#8221;fadeIn&#8221; width=&#8221;5\/6&#8243;][vc_column_text css=&#8221;.vc_custom_1720520129788{padding-top: 50px !important;padding-right: 160px !important;padding-bottom: 50px !important;padding-left: 0px !important;}&#8221; el_class=&#8221;text_column&#8211;dark-section&#8221;]\n<h3><span style=\"color: #ffffff;\">A METICULOUS EXPERTISE <\/span><br \/>\n<span style=\"color: #ffffff;\">WITH RESPECT FOR THE ENVIRONMENT<\/span><\/h3>\n<p><span style=\"color: #ffffff;\">The Cast\u00e9ja family cares about the environment, producing its wines in the Bordeaux tradition while respecting the ecosystem of the Ch\u00e2teau.<\/span><\/p>\n<p><a href=\"https:\/\/www.lacroixducasse.com\/en\/savoir-faire\">DISCOVER THE DIFFERENT STAGES IN THE PRODUCTION OF OUR WINES<\/a>[\/vc_column_text][\/vc_column][\/vc_row][vc_row full_height=&#8221;yes&#8221; columns_placement=&#8221;stretch&#8221; equal_height=&#8221;yes&#8221; content_placement=&#8221;middle&#8221; el_id=&#8221;section-5&#8243; el_class=&#8221;vc_row_overlap&#8221;][vc_column css_animation=&#8221;fadeInLeft&#8221; width=&#8221;5\/12&#8243;][vc_column_text]\n<h3><span style=\"color: #002e6d;\">A TEAM WITH THE EXPERIENCE <\/span><br \/>\n<span style=\"color: #002e6d;\">OF A 1ER GRAND CRU CLASS\u00c9<\/span><\/h3>\n<p>The team at Ch\u00e2teau La Croix du Casse is the same as that at Ch\u00e2teau TrotteVieille, 1er Grand Cru Class\u00e9 Saint Emilion Grand Cru. With the management of Philippe Cast\u00e9ja, and his experience at TrotteVieille and Domaine de l&#8217;Eglise, the team brings out the best in the wines of La Croix du Casse.<\/p>\n<p><a href=\"https:\/\/www.lacroixducasse.com\/en\/team\">FIND OUT MORE ABOUT THE TEAM<\/a>[\/vc_column_text][\/vc_column][vc_column css_animation=&#8221;none&#8221; width=&#8221;7\/12&#8243; css=&#8221;.vc_custom_1647355709990{padding-right: 15px !important;background-image: url(http:\/\/www.lacroixducasse.com\/wp-content\/uploads\/2022\/03\/BLOC-5-P4-EQUIPE-1.jpg?id=4582) !important;background-position: center !important;background-repeat: no-repeat !important;background-size: cover !important;}&#8221;][\/vc_column][\/vc_row][vc_row full_height=&#8221;yes&#8221; columns_placement=&#8221;stretch&#8221; equal_height=&#8221;yes&#8221; content_placement=&#8221;middle&#8221; el_id=&#8221;section-6&#8243;][vc_column css_animation=&#8221;fadeInLeft&#8221; width=&#8221;1\/2&#8243; css=&#8221;.vc_custom_1647355736559{background-image: url(http:\/\/www.lacroixducasse.com\/wp-content\/uploads\/2022\/03\/BLOC-6-P5-DEUX-VINS-DE-PLAISIR-1.jpg?id=4586) !important;background-position: center !important;background-repeat: no-repeat !important;background-size: cover !important;}&#8221;][\/vc_column][vc_column css_animation=&#8221;fadeInRight&#8221; width=&#8221;1\/2&#8243;][vc_column_text]\n<h3><span style=\"color: #002e6d;\">TWO WINES FOR PLEASURE<\/span><\/h3>\n<p>Ch\u00e2teau La Croix du Casse and its second wine, Les Chemins de la Croix du Casse, AOC Pomerol, are pleasant, easy-drinking wines with lovely fruit and floral notes.<\/p>\n<p><a href=\"https:\/\/www.lacroixducasse.com\/en\/the-wines\/\">SEE OUR WINES PER VINTAGE<\/a>[\/vc_column_text][\/vc_column][\/vc_row][vc_row full_height=&#8221;yes&#8221; columns_placement=&#8221;stretch&#8221; equal_height=&#8221;yes&#8221; content_placement=&#8221;middle&#8221; el_id=&#8221;section-7&#8243; css=&#8221;.vc_custom_1630480612429{padding-top: 80px !important;background-color: #f8f7f7 !important;}&#8221;][vc_column][vc_row_inner el_class=&#8221;vc_row_news_title&#8221;][vc_column_inner el_class=&#8221;section-news-text&#8221;][vc_column_text]\n<h2><span style=\"color: #002e6d;\">OUR LATEST NEWS<\/span><\/h2>\n[\/vc_column_text][\/vc_column_inner][\/vc_row_inner]\t<section class=\"section-news\">\n\t\t<div class=\"section__body\">\n\t\t\t<div class=\"shell\">\n\t\t\t\t<ol class=\"articles\">\n\t\t\t\t\t\t\t\t\t\t\t<li class=\"article\">\n\t\t\t\t\t\t\t<div class=\"article__inner\">\n\t\t\t\t\t\t\t\t\t\t\t\t\t\t\t\t\t<div class=\"article__image\">\n\t\t\t\t\t\t\t\t\t\t<a href=\"https:\/\/www.lacroixducasse.com\/en\/primeurs-bordeaux-la-croix-du-casse-pomerol\/\" class=\"article__image-inner\"\n\t\t\t\t\t\t\t\t\t\tstyle=\"background-image: url(https:\/\/www.lacroixducasse.com\/wp-content\/uploads\/2023\/06\/croixducasse2022_article.png);\">\n\t\t\t\t\t\t\t\t\t\t<\/a>\n\t\t\t\t\t\t\t\t\t<\/div><!-- \/.article__image -->\n\t\t\t\t\t\t\t\t\t\t\t\t\t\t\t\t<div class=\"article__body\">\n\t\t\t\t\t\t\t\t\t<div class=\"article__meta\">\n\t\t\t\t\t\t\t\t\t\t<ul>\n\t\t\t\t\t\t\t\t\t\t\t<li>6 June 2023<\/li>\n\t\t\t\t\t\t\t\t\t\t<\/ul>\n\t\t\t\t\t\t\t\t\t<\/div><!-- \/.article__meta -->\n\t\t\t\t\t\t\t\t\t<div class=\"article__content\">\n\t\t\t\t\t\t\t\t\t\t<h2>\n\t\t\t\t\t\t\t\t\t\t\t<a href=\"https:\/\/www.lacroixducasse.com\/en\/primeurs-bordeaux-la-croix-du-casse-pomerol\/\">\n\t\t\t\t\t\t\t\t\t\t\t\t[PRIMEURS] Ch\u00e2teau La Croix Du Casse 2022\t\t\t\t\t\t\t\t\t\t\t<\/a>\n\t\t\t\t\t\t\t\t\t\t<\/h2>\n\t\t\t\t\t\t\t\t\t\t<p>We are delighted to present the 2022 vintage of Ch\u00e2teau La Croix Du Casse. 2022 is an exceptional vintage for several reasons: exceptional climate, record temperatures, very deep (&#8230;)<\/p>\n\t\t\t\t\t\t\t\t\t<\/div><!-- \/.article__content -->\n\t\t\t\t\t\t\t\t\t<div class=\"article__actions\">\n\t\t\t\t\t\t\t\t\t\t<a href=\"https:\/\/www.lacroixducasse.com\/en\/primeurs-bordeaux-la-croix-du-casse-pomerol\/\">Read more<\/a>\n\t\t\t\t\t\t\t\t\t<\/div><!-- \/.article__actions -->\n\t\t\t\t\t\t\t\t<\/div><!-- \/.article__body -->\n\t\t\t\t\t\t\t<\/div><!-- \/.article__inner -->\n\t\t\t\t\t\t<\/li><!-- \/.article -->\n\t\t\t\t\t\t\t\t\t<\/ol><!-- \/.articles -->\n\t\t\t<\/div><!-- \/.shell -->\n\t\t<\/div><!-- \/.section__body -->\n\t<\/section><!-- \/.section-news -->\n\t[\/vc_column][\/vc_row]\n<\/div>","protected":false},"excerpt":{"rendered":"<p>[vc_row full_height=&#8221;yes&#8221; columns_placement=&#8221;stretch&#8221; equal_height=&#8221;yes&#8221; css_animation=&#8221;none&#8221; el_id=&#8221;section-1&#8243; el_class=&#8221;vc_row_slider&#8221;][vc_column el_class=&#8221;column-no-zindex&#8221;][\/vc_column][\/vc_row][vc_row full_height=&#8221;yes&#8221; columns_placement=&#8221;stretch&#8221; equal_height=&#8221;yes&#8221; content_placement=&#8221;middle&#8221; el_id=&#8221;section-2&#8243; el_class=&#8221;vc_row_overlap&#8221;][vc_column css_animation=&#8221;fadeInLeft&#8221; width=&#8221;5\/12&#8243;][vc_column_text el_class=&#8221;wpb_text_column&#8211;overflow-title&#8221;] CH\u00c2TEAU LA CROIX DU CASSE, THE LATEST ACQUISITION BY THE BCAP (&#8230;)<\/p>\n","protected":false},"author":3,"featured_media":0,"parent":0,"menu_order":0,"comment_status":"closed","ping_status":"closed","template":"","meta":{"footnotes":""},"class_list":["post-5208","page","type-page","status-publish","hentry"],"yoast_head":"<!-- This site is optimized with the Yoast SEO plugin v23.7 - https:\/\/yoast.com\/wordpress\/plugins\/seo\/ -->\n<title>Ch\u00e2teau la Croix du Casse Pomerol - H\u00e9ritiers Cast\u00e9ja<\/title>\n<meta name=\"description\" content=\"In 2005 the estate was purchased by the Cast\u00e9ja family, and with investment and re-structuring the quality of the wine has greatly improved..\" \/>\n<meta name=\"robots\" content=\"index, follow, max-snippet:-1, max-image-preview:large, max-video-preview:-1\" \/>\n<link rel=\"canonical\" href=\"https:\/\/www.lacroixducasse.com\/en\/home\/\" \/>\n<meta property=\"og:locale\" content=\"en_US\" \/>\n<meta property=\"og:type\" content=\"article\" \/>\n<meta property=\"og:title\" content=\"Ch\u00e2teau la Croix du Casse Pomerol - H\u00e9ritiers Cast\u00e9ja\" \/>\n<meta property=\"og:description\" content=\"In 2005 the estate was purchased by the Cast\u00e9ja family, and with investment and re-structuring the quality of the wine has greatly improved..\" \/>\n<meta property=\"og:url\" content=\"https:\/\/www.lacroixducasse.com\/en\/home\/\" \/>\n<meta property=\"og:site_name\" content=\"Ch\u00e2teau Batailley\" \/>\n<meta property=\"article:modified_time\" content=\"2024-07-09T10:17:09+00:00\" \/>\n<meta name=\"twitter:card\" content=\"summary_large_image\" \/>\n<meta name=\"twitter:label1\" content=\"Est. reading time\" \/>\n\t<meta name=\"twitter:data1\" content=\"3 minutes\" \/>\n<script type=\"application\/ld+json\" class=\"yoast-schema-graph\">{\"@context\":\"https:\/\/schema.org\",\"@graph\":[{\"@type\":\"WebPage\",\"@id\":\"https:\/\/www.lacroixducasse.com\/en\/home\/\",\"url\":\"https:\/\/www.lacroixducasse.com\/en\/home\/\",\"name\":\"Ch\u00e2teau la Croix du Casse Pomerol - H\u00e9ritiers Cast\u00e9ja\",\"isPartOf\":{\"@id\":\"https:\/\/www.lacroixducasse.com\/en\/#website\"},\"datePublished\":\"2019-04-17T09:29:53+00:00\",\"dateModified\":\"2024-07-09T10:17:09+00:00\",\"description\":\"In 2005 the estate was purchased by the Cast\u00e9ja family, and with investment and re-structuring the quality of the wine has greatly improved..\",\"breadcrumb\":{\"@id\":\"https:\/\/www.lacroixducasse.com\/en\/home\/#breadcrumb\"},\"inLanguage\":\"en-US\",\"potentialAction\":[{\"@type\":\"ReadAction\",\"target\":[\"https:\/\/www.lacroixducasse.com\/en\/home\/\"]}]},{\"@type\":\"BreadcrumbList\",\"@id\":\"https:\/\/www.lacroixducasse.com\/en\/home\/#breadcrumb\",\"itemListElement\":[{\"@type\":\"ListItem\",\"position\":1,\"name\":\"Accueil\",\"item\":\"https:\/\/www.lacroixducasse.com\/en\/\"},{\"@type\":\"ListItem\",\"position\":2,\"name\":\"Home\"}]},{\"@type\":\"WebSite\",\"@id\":\"https:\/\/www.lacroixducasse.com\/en\/#website\",\"url\":\"https:\/\/www.lacroixducasse.com\/en\/\",\"name\":\"Ch\u00e2teau Batailley\",\"description\":\"Grand Cru Classe en 1855\",\"potentialAction\":[{\"@type\":\"SearchAction\",\"target\":{\"@type\":\"EntryPoint\",\"urlTemplate\":\"https:\/\/www.lacroixducasse.com\/en\/?s={search_term_string}\"},\"query-input\":{\"@type\":\"PropertyValueSpecification\",\"valueRequired\":true,\"valueName\":\"search_term_string\"}}],\"inLanguage\":\"en-US\"}]}<\/script>\n<!-- \/ Yoast SEO plugin. -->","yoast_head_json":{"title":"Ch\u00e2teau la Croix du Casse Pomerol - H\u00e9ritiers Cast\u00e9ja","description":"In 2005 the estate was purchased by the Cast\u00e9ja family, and with investment and re-structuring the quality of the wine has greatly improved..","robots":{"index":"index","follow":"follow","max-snippet":"max-snippet:-1","max-image-preview":"max-image-preview:large","max-video-preview":"max-video-preview:-1"},"canonical":"https:\/\/www.lacroixducasse.com\/en\/home\/","og_locale":"en_US","og_type":"article","og_title":"Ch\u00e2teau la Croix du Casse Pomerol - H\u00e9ritiers Cast\u00e9ja","og_description":"In 2005 the estate was purchased by the Cast\u00e9ja family, and with investment and re-structuring the quality of the wine has greatly improved..","og_url":"https:\/\/www.lacroixducasse.com\/en\/home\/","og_site_name":"Ch\u00e2teau Batailley","article_modified_time":"2024-07-09T10:17:09+00:00","twitter_card":"summary_large_image","twitter_misc":{"Est. reading time":"3 minutes"},"schema":{"@context":"https:\/\/schema.org","@graph":[{"@type":"WebPage","@id":"https:\/\/www.lacroixducasse.com\/en\/home\/","url":"https:\/\/www.lacroixducasse.com\/en\/home\/","name":"Ch\u00e2teau la Croix du Casse Pomerol - H\u00e9ritiers Cast\u00e9ja","isPartOf":{"@id":"https:\/\/www.lacroixducasse.com\/en\/#website"},"datePublished":"2019-04-17T09:29:53+00:00","dateModified":"2024-07-09T10:17:09+00:00","description":"In 2005 the estate was purchased by the Cast\u00e9ja family, and with investment and re-structuring the quality of the wine has greatly improved..","breadcrumb":{"@id":"https:\/\/www.lacroixducasse.com\/en\/home\/#breadcrumb"},"inLanguage":"en-US","potentialAction":[{"@type":"ReadAction","target":["https:\/\/www.lacroixducasse.com\/en\/home\/"]}]},{"@type":"BreadcrumbList","@id":"https:\/\/www.lacroixducasse.com\/en\/home\/#breadcrumb","itemListElement":[{"@type":"ListItem","position":1,"name":"Accueil","item":"https:\/\/www.lacroixducasse.com\/en\/"},{"@type":"ListItem","position":2,"name":"Home"}]},{"@type":"WebSite","@id":"https:\/\/www.lacroixducasse.com\/en\/#website","url":"https:\/\/www.lacroixducasse.com\/en\/","name":"Ch\u00e2teau Batailley","description":"Grand Cru Classe en 1855","potentialAction":[{"@type":"SearchAction","target":{"@type":"EntryPoint","urlTemplate":"https:\/\/www.lacroixducasse.com\/en\/?s={search_term_string}"},"query-input":{"@type":"PropertyValueSpecification","valueRequired":true,"valueName":"search_term_string"}}],"inLanguage":"en-US"}]}},"_links":{"self":[{"href":"https:\/\/www.lacroixducasse.com\/en\/wp-json\/wp\/v2\/pages\/5208"}],"collection":[{"href":"https:\/\/www.lacroixducasse.com\/en\/wp-json\/wp\/v2\/pages"}],"about":[{"href":"https:\/\/www.lacroixducasse.com\/en\/wp-json\/wp\/v2\/types\/page"}],"author":[{"embeddable":true,"href":"https:\/\/www.lacroixducasse.com\/en\/wp-json\/wp\/v2\/users\/3"}],"replies":[{"embeddable":true,"href":"https:\/\/www.lacroixducasse.com\/en\/wp-json\/wp\/v2\/comments?post=5208"}],"version-history":[{"count":5,"href":"https:\/\/www.lacroixducasse.com\/en\/wp-json\/wp\/v2\/pages\/5208\/revisions"}],"predecessor-version":[{"id":5287,"href":"https:\/\/www.lacroixducasse.com\/en\/wp-json\/wp\/v2\/pages\/5208\/revisions\/5287"}],"wp:attachment":[{"href":"https:\/\/www.lacroixducasse.com\/en\/wp-json\/wp\/v2\/media?parent=5208"}],"curies":[{"name":"wp","href":"https:\/\/api.w.org\/{rel}","templated":true}]}}