{"id":5212,"date":"2019-04-17T09:31:04","date_gmt":"2019-04-17T09:31:04","guid":{"rendered":"https:\/\/www.lacroixducasse.com\/presentation\/"},"modified":"2024-07-09T09:45:04","modified_gmt":"2024-07-09T07:45:04","slug":"presentation","status":"publish","type":"page","link":"https:\/\/www.lacroixducasse.com\/en\/presentation\/","title":{"rendered":"History"},"content":{"rendered":"<div class=\"wpb-content-wrapper\">[vc_row full_height=&#8221;yes&#8221; columns_placement=&#8221;stretch&#8221; el_class=&#8221;vc_row_intro&#8221; css=&#8221;.vc_custom_1647357712468{background-image: url(http:\/\/www.lacroixducasse.com\/wp-content\/uploads\/2022\/03\/BLOC-1-2-scaled.jpg?id=4592) !important;background-position: center !important;background-repeat: no-repeat !important;background-size: cover !important;}&#8221; el_id=&#8221;section-1&#8243;][vc_column][vc_column_text]\t<p>\n\t\t<a href=\"https:\/\/www.lacroixducasse.com\/en\/\" class=\"intro-logo\">\n\t\t\t<img decoding=\"async\" src=\"https:\/\/www.lacroixducasse.com\/wp-content\/uploads\/2022\/03\/Group-108.svg\" class=\"aligncenter logo-desktop\" alt=\"\" \/><img decoding=\"async\" src=\"https:\/\/www.lacroixducasse.com\/wp-content\/uploads\/2022\/03\/Group-108.svg\" class=\"aligncenter logo-mobile\" alt=\"\" \/>\t\t<\/a>\n\t<\/p>\n\t\n<h1 style=\"text-align: center;\"><span style=\"color: #ffffff;\">The history<\/span><\/h1>\n[\/vc_column_text][\/vc_column][\/vc_row][vc_row full_height=&#8221;yes&#8221; columns_placement=&#8221;stretch&#8221; equal_height=&#8221;yes&#8221; content_placement=&#8221;middle&#8221; el_id=&#8221;section-2&#8243;][vc_column css_animation=&#8221;fadeInLeft&#8221; width=&#8221;1\/2&#8243;][vc_column_text]\n<h2><span style=\"color: #002e6d;\">A WINE ESTATE FOR<\/span><br \/>\n<span style=\"color: #002e6d;\">OVER TWO CENTURIES<\/span><\/h2>\n<p>Ch\u00e2teau de la Croix du Casse, located in the south of Pomerol on the outskirts of Libourne, is mentioned on 18th-century maps drawn up by Pierre de Belleyme, the engineer and geographer to King Louis XV. According to these documents, vines were planted in 1775.[\/vc_column_text][\/vc_column][vc_column css_animation=&#8221;fadeInRight&#8221; width=&#8221;1\/2&#8243; css=&#8221;.vc_custom_1647357733735{background-image: url(http:\/\/www.lacroixducasse.com\/wp-content\/uploads\/2022\/03\/BLOC-2-P1-UNE-PROPRIETE-VITICOLE.jpg?id=4596) !important;background-position: center !important;background-repeat: no-repeat !important;background-size: cover !important;}&#8221;][\/vc_column][\/vc_row][vc_row full_height=&#8221;yes&#8221; columns_placement=&#8221;stretch&#8221; equal_height=&#8221;yes&#8221; content_placement=&#8221;middle&#8221; css=&#8221;.vc_custom_1647357497969{background-color: #f8f7f7 !important;}&#8221; el_id=&#8221;section-3&#8243;][vc_column css_animation=&#8221;fadeInLeft&#8221; width=&#8221;4\/12&#8243; css=&#8221;.vc_custom_1647357760461{background-image: url(http:\/\/www.lacroixducasse.com\/wp-content\/uploads\/2022\/03\/BLOC-3-P2-SOUS-LERE-FAMILLE-AUDY-ARCAUTE.jpg?id=4600) !important;background-position: center !important;background-repeat: no-repeat !important;background-size: cover !important;}&#8221;][\/vc_column][vc_column css_animation=&#8221;fadeInRight&#8221; width=&#8221;8\/12&#8243;][vc_column_text]\n<h3><span style=\"color: #002e6d;\">IN THE ERA OF<\/span><br \/>\n<span style=\"color: #002e6d;\">THE AUDY-ARCAUTE FAMILY<\/span><\/h3>\n<p>In 1956, Georges Audy, a well-known Pomerol wine merchant and owner of Ch\u00e2teau Clinet, bought the estate. He replanted a large part of the vineyard to replace vines that had been damaged by winter frost. Jean-Michel Arcaute, his son-in-law and talented winemaker, took over the running of the estate a few years later.<\/p>\n<p>With the help of Michel Rolland, he improved the quality of the wine and gave it an excellent reputation. In 2001, Jean-Michel Arcaute died in a tragic boat accident in Arcachon, leaving behind his vineyards.<br \/>\n[\/vc_column_text][\/vc_column][\/vc_row][vc_row full_height=&#8221;yes&#8221; columns_placement=&#8221;stretch&#8221; equal_height=&#8221;yes&#8221; content_placement=&#8221;middle&#8221; el_id=&#8221;section-4&#8243;][vc_column css_animation=&#8221;fadeInLeft&#8221; width=&#8221;1\/2&#8243;][vc_column_text]\n<h2><span style=\"color: #002e6d;\">THE HANDOVER <\/span><br \/>\n<span style=\"color: #002e6d;\">TO THE CAST\u00c9JA FAMILY<\/span><\/h2>\n<p>The Groupe des Assurances Nationales, which owned Ch\u00e2teau la Croix du Casse for a number of years, agreed in 2005 to sell to Philippe Cast\u00e9ja and his sister Chantal Preben Hansen, already owners of 8 ch\u00e2teaux and the Borie-Manoux wine-merchant . A great deal of work was carried out following the acquisition by the Cast\u00e9ja family, including roofing, trellising and the vat room.<\/p>\n<p>Following the discovery of a layer of clay in the subsoil, the soil was also reworked to encourage the roots to grow deeper and bring more elements to the vines and, ultimately, to the wine.[\/vc_column_text][\/vc_column][vc_column css_animation=&#8221;fadeInRight&#8221; width=&#8221;1\/2&#8243; css=&#8221;.vc_custom_1652171708877{background-image: url(http:\/\/www.lacroixducasse.com\/wp-content\/uploads\/2022\/03\/BLOC-4-P3-LA-PASSATION-A-LA-FAMILLE-CASTEJA.jpg?id=4605) !important;background-position: center !important;background-repeat: no-repeat !important;background-size: cover !important;}&#8221; el_class=&#8221;vc_column_align_image_top&#8221;][\/vc_column][\/vc_row][vc_row full_height=&#8221;yes&#8221; columns_placement=&#8221;stretch&#8221; equal_height=&#8221;yes&#8221; content_placement=&#8221;middle&#8221; css=&#8221;.vc_custom_1652167742822{background-color: #f8f7f7 !important;}&#8221; el_id=&#8221;section-5&#8243;][vc_column css_animation=&#8221;fadeInLeft&#8221; width=&#8221;4\/12&#8243; css=&#8221;.vc_custom_1647358038539{background-image: url(http:\/\/www.lacroixducasse.com\/wp-content\/uploads\/2022\/03\/BLOC-5-P4-UNE-NOUVELLE-ORIENTATION.jpg?id=4609) !important;background-position: center !important;background-repeat: no-repeat !important;background-size: cover !important;}&#8221;][\/vc_column][vc_column css_animation=&#8221;fadeInRight&#8221; width=&#8221;8\/12&#8243;][vc_column_text]\n<h3><span style=\"color: #002e6d;\">A NEW DIRECTION<\/span><\/h3>\n<p>Immediately after his acquisition, Philippe Cast\u00e9ja modernised the wine&#8217;s packaging to underline the Ch\u00e2teau&#8217;s change of direction, and created a second wine, Les Chemins de la Croix du Casse, to reinforce the qualitative effort.<\/p>\n<p>For the record, when Philippe Cast\u00e9ja redesigned the wine packaging, he added to the label the emblem of the pilgrims to Santiago de Compostela, which is also the symbol of the Order of the Hospitallers of St John of Jerusalem.<\/p>\n<p>This small cross with a scallop shell at the intersection of the branches was once carved on the boundary stones of the Commanderie estate and is now embroidered on their red dress. On the road to Santiago de Compostela, the cross is always a guide for pilgrims, and the shell, which has symbolically become the attribute of the apostle, is often attached to pilgrims&#8217; bags.<br \/>\n[\/vc_column_text][\/vc_column][\/vc_row]\n<\/div>","protected":false},"excerpt":{"rendered":"<p>[vc_row full_height=&#8221;yes&#8221; columns_placement=&#8221;stretch&#8221; el_class=&#8221;vc_row_intro&#8221; css=&#8221;.vc_custom_1647357712468{background-image: url(http:\/\/www.lacroixducasse.com\/wp-content\/uploads\/2022\/03\/BLOC-1-2-scaled.jpg?id=4592) !important;background-position: center !important;background-repeat: no-repeat !important;background-size: cover !important;}&#8221; el_id=&#8221;section-1&#8243;][vc_column][vc_column_text] The history [\/vc_column_text][\/vc_column][\/vc_row][vc_row full_height=&#8221;yes&#8221; columns_placement=&#8221;stretch&#8221; equal_height=&#8221;yes&#8221; content_placement=&#8221;middle&#8221; el_id=&#8221;section-2&#8243;][vc_column css_animation=&#8221;fadeInLeft&#8221; width=&#8221;1\/2&#8243;][vc_column_text] A WINE ESTATE FOR (&#8230;)<\/p>\n","protected":false},"author":3,"featured_media":0,"parent":0,"menu_order":0,"comment_status":"closed","ping_status":"closed","template":"","meta":{"footnotes":""},"class_list":["post-5212","page","type-page","status-publish","hentry"],"yoast_head":"<!-- This site is optimized with the Yoast SEO plugin v23.7 - https:\/\/yoast.com\/wordpress\/plugins\/seo\/ -->\n<title>History of Ch\u00e2teau la Croix du Casse Pomerol<\/title>\n<meta name=\"description\" content=\"Ch\u00e2teau de la Croix du Casse, located in the south of Pomerol on the outskirts of Libourne\" \/>\n<meta name=\"robots\" content=\"index, follow, max-snippet:-1, max-image-preview:large, max-video-preview:-1\" \/>\n<link rel=\"canonical\" href=\"https:\/\/www.lacroixducasse.com\/en\/presentation\/\" \/>\n<meta property=\"og:locale\" content=\"en_US\" \/>\n<meta property=\"og:type\" content=\"article\" \/>\n<meta property=\"og:title\" content=\"History of Ch\u00e2teau la Croix du Casse Pomerol\" \/>\n<meta property=\"og:description\" content=\"Ch\u00e2teau de la Croix du Casse, located in the south of Pomerol on the outskirts of Libourne\" \/>\n<meta property=\"og:url\" content=\"https:\/\/www.lacroixducasse.com\/en\/presentation\/\" \/>\n<meta property=\"og:site_name\" content=\"Ch\u00e2teau Batailley\" \/>\n<meta property=\"article:modified_time\" content=\"2024-07-09T07:45:04+00:00\" \/>\n<meta name=\"twitter:card\" content=\"summary_large_image\" \/>\n<meta name=\"twitter:label1\" content=\"Est. reading time\" \/>\n\t<meta name=\"twitter:data1\" content=\"3 minutes\" \/>\n<script type=\"application\/ld+json\" class=\"yoast-schema-graph\">{\"@context\":\"https:\/\/schema.org\",\"@graph\":[{\"@type\":\"WebPage\",\"@id\":\"https:\/\/www.lacroixducasse.com\/en\/presentation\/\",\"url\":\"https:\/\/www.lacroixducasse.com\/en\/presentation\/\",\"name\":\"History of Ch\u00e2teau la Croix du Casse Pomerol\",\"isPartOf\":{\"@id\":\"https:\/\/www.lacroixducasse.com\/en\/#website\"},\"datePublished\":\"2019-04-17T09:31:04+00:00\",\"dateModified\":\"2024-07-09T07:45:04+00:00\",\"description\":\"Ch\u00e2teau de la Croix du Casse, located in the south of Pomerol on the outskirts of Libourne\",\"breadcrumb\":{\"@id\":\"https:\/\/www.lacroixducasse.com\/en\/presentation\/#breadcrumb\"},\"inLanguage\":\"en-US\",\"potentialAction\":[{\"@type\":\"ReadAction\",\"target\":[\"https:\/\/www.lacroixducasse.com\/en\/presentation\/\"]}]},{\"@type\":\"BreadcrumbList\",\"@id\":\"https:\/\/www.lacroixducasse.com\/en\/presentation\/#breadcrumb\",\"itemListElement\":[{\"@type\":\"ListItem\",\"position\":1,\"name\":\"Accueil\",\"item\":\"https:\/\/www.lacroixducasse.com\/en\/\"},{\"@type\":\"ListItem\",\"position\":2,\"name\":\"History\"}]},{\"@type\":\"WebSite\",\"@id\":\"https:\/\/www.lacroixducasse.com\/en\/#website\",\"url\":\"https:\/\/www.lacroixducasse.com\/en\/\",\"name\":\"Ch\u00e2teau Batailley\",\"description\":\"Grand Cru Classe en 1855\",\"potentialAction\":[{\"@type\":\"SearchAction\",\"target\":{\"@type\":\"EntryPoint\",\"urlTemplate\":\"https:\/\/www.lacroixducasse.com\/en\/?s={search_term_string}\"},\"query-input\":{\"@type\":\"PropertyValueSpecification\",\"valueRequired\":true,\"valueName\":\"search_term_string\"}}],\"inLanguage\":\"en-US\"}]}<\/script>\n<!-- \/ Yoast SEO plugin. -->","yoast_head_json":{"title":"History of Ch\u00e2teau la Croix du Casse Pomerol","description":"Ch\u00e2teau de la Croix du Casse, located in the south of Pomerol on the outskirts of Libourne","robots":{"index":"index","follow":"follow","max-snippet":"max-snippet:-1","max-image-preview":"max-image-preview:large","max-video-preview":"max-video-preview:-1"},"canonical":"https:\/\/www.lacroixducasse.com\/en\/presentation\/","og_locale":"en_US","og_type":"article","og_title":"History of Ch\u00e2teau la Croix du Casse Pomerol","og_description":"Ch\u00e2teau de la Croix du Casse, located in the south of Pomerol on the outskirts of Libourne","og_url":"https:\/\/www.lacroixducasse.com\/en\/presentation\/","og_site_name":"Ch\u00e2teau Batailley","article_modified_time":"2024-07-09T07:45:04+00:00","twitter_card":"summary_large_image","twitter_misc":{"Est. reading time":"3 minutes"},"schema":{"@context":"https:\/\/schema.org","@graph":[{"@type":"WebPage","@id":"https:\/\/www.lacroixducasse.com\/en\/presentation\/","url":"https:\/\/www.lacroixducasse.com\/en\/presentation\/","name":"History of Ch\u00e2teau la Croix du Casse Pomerol","isPartOf":{"@id":"https:\/\/www.lacroixducasse.com\/en\/#website"},"datePublished":"2019-04-17T09:31:04+00:00","dateModified":"2024-07-09T07:45:04+00:00","description":"Ch\u00e2teau de la Croix du Casse, located in the south of Pomerol on the outskirts of Libourne","breadcrumb":{"@id":"https:\/\/www.lacroixducasse.com\/en\/presentation\/#breadcrumb"},"inLanguage":"en-US","potentialAction":[{"@type":"ReadAction","target":["https:\/\/www.lacroixducasse.com\/en\/presentation\/"]}]},{"@type":"BreadcrumbList","@id":"https:\/\/www.lacroixducasse.com\/en\/presentation\/#breadcrumb","itemListElement":[{"@type":"ListItem","position":1,"name":"Accueil","item":"https:\/\/www.lacroixducasse.com\/en\/"},{"@type":"ListItem","position":2,"name":"History"}]},{"@type":"WebSite","@id":"https:\/\/www.lacroixducasse.com\/en\/#website","url":"https:\/\/www.lacroixducasse.com\/en\/","name":"Ch\u00e2teau Batailley","description":"Grand Cru Classe en 1855","potentialAction":[{"@type":"SearchAction","target":{"@type":"EntryPoint","urlTemplate":"https:\/\/www.lacroixducasse.com\/en\/?s={search_term_string}"},"query-input":{"@type":"PropertyValueSpecification","valueRequired":true,"valueName":"search_term_string"}}],"inLanguage":"en-US"}]}},"_links":{"self":[{"href":"https:\/\/www.lacroixducasse.com\/en\/wp-json\/wp\/v2\/pages\/5212"}],"collection":[{"href":"https:\/\/www.lacroixducasse.com\/en\/wp-json\/wp\/v2\/pages"}],"about":[{"href":"https:\/\/www.lacroixducasse.com\/en\/wp-json\/wp\/v2\/types\/page"}],"author":[{"embeddable":true,"href":"https:\/\/www.lacroixducasse.com\/en\/wp-json\/wp\/v2\/users\/3"}],"replies":[{"embeddable":true,"href":"https:\/\/www.lacroixducasse.com\/en\/wp-json\/wp\/v2\/comments?post=5212"}],"version-history":[{"count":3,"href":"https:\/\/www.lacroixducasse.com\/en\/wp-json\/wp\/v2\/pages\/5212\/revisions"}],"predecessor-version":[{"id":5215,"href":"https:\/\/www.lacroixducasse.com\/en\/wp-json\/wp\/v2\/pages\/5212\/revisions\/5215"}],"wp:attachment":[{"href":"https:\/\/www.lacroixducasse.com\/en\/wp-json\/wp\/v2\/media?parent=5212"}],"curies":[{"name":"wp","href":"https:\/\/api.w.org\/{rel}","templated":true}]}}