{"id":5216,"date":"2019-04-17T09:31:27","date_gmt":"2019-04-17T09:31:27","guid":{"rendered":"https:\/\/www.lacroixducasse.com\/terroir\/"},"modified":"2024-07-09T09:53:45","modified_gmt":"2024-07-09T07:53:45","slug":"terroir","status":"publish","type":"page","link":"https:\/\/www.lacroixducasse.com\/en\/terroir\/","title":{"rendered":"Terroir"},"content":{"rendered":"<div class=\"wpb-content-wrapper\">[vc_row full_height=&#8221;yes&#8221; columns_placement=&#8221;stretch&#8221; el_class=&#8221;vc_row_intro&#8221; css=&#8221;.vc_custom_1647359015299{background-image: url(http:\/\/www.lacroixducasse.com\/wp-content\/uploads\/2022\/03\/BLOC-1-3-scaled.jpg?id=4615) !important;background-position: center !important;background-repeat: no-repeat !important;background-size: cover !important;}&#8221; el_id=&#8221;section-1&#8243;][vc_column][vc_column_text]\t<p>\n\t\t<a href=\"https:\/\/www.lacroixducasse.com\/en\/\" class=\"intro-logo\">\n\t\t\t<img decoding=\"async\" src=\"https:\/\/www.lacroixducasse.com\/wp-content\/uploads\/2022\/03\/Group-108.svg\" class=\"aligncenter logo-desktop\" alt=\"\" \/><img decoding=\"async\" src=\"https:\/\/www.lacroixducasse.com\/wp-content\/uploads\/2022\/03\/Group-108.svg\" class=\"aligncenter logo-mobile\" alt=\"\" \/>\t\t<\/a>\n\t<\/p>\n\t\n<h1 style=\"text-align: center;\"><span style=\"color: #ffffff;\">Terroir<\/span><\/h1>\n[\/vc_column_text][\/vc_column][\/vc_row][vc_row full_height=&#8221;yes&#8221; columns_placement=&#8221;stretch&#8221; equal_height=&#8221;yes&#8221; content_placement=&#8221;middle&#8221; el_id=&#8221;section-2&#8243;][vc_column css_animation=&#8221;fadeInLeft&#8221; width=&#8221;1\/2&#8243;][vc_column_text]\n<h2><span style=\"color: #002e6d;\">AOC POMEROL, ONE OF BORDEAUX&#8217;S SMALLEST APPELLATIONS<\/span><\/h2>\n<p>Located in the Libourne wine-growing region, Pomerol is one of the region&#8217;s smallest appellations, with around 800 hectares of vines and 7,500 vines per hectare. The majority of producers work as a family, and have, on average, a vineyard estate of 6 hectares. The properties (houses surrounded by vines) are generally less impressive than in the M\u00e9doc, but the quality of the wine is no less.<\/p>\n<p>Despite its small size, AOC Pomerol has considerable assets: a very rich soil composed mainly of clay, gravel and sand, but also iron oxide, known as crasse de fer, which makes the terroir special; and a temperate climate that allows the vines to develop successfully.[\/vc_column_text][\/vc_column][vc_column css_animation=&#8221;fadeInRight&#8221; width=&#8221;1\/2&#8243; css=&#8221;.vc_custom_1647359055209{background-image: url(http:\/\/www.lacroixducasse.com\/wp-content\/uploads\/2022\/03\/BLOC-2-P1.jpg?id=4619) !important;background-position: center !important;background-repeat: no-repeat !important;background-size: cover !important;}&#8221;][\/vc_column][\/vc_row][vc_row full_height=&#8221;yes&#8221; columns_placement=&#8221;stretch&#8221; equal_height=&#8221;yes&#8221; content_placement=&#8221;middle&#8221; css=&#8221;.vc_custom_1647359110251{background-color: #f8f7f7 !important;}&#8221; el_id=&#8221;section-3&#8243;][vc_column css_animation=&#8221;fadeInLeft&#8221; width=&#8221;1\/3&#8243; css=&#8221;.vc_custom_1647359136195{background-image: url(http:\/\/www.lacroixducasse.com\/wp-content\/uploads\/2022\/03\/BLOC-3-NAISSANCE-DE-LA-VITICULTURE.jpg?id=4623) !important;background-position: center !important;background-repeat: no-repeat !important;background-size: cover !important;}&#8221;][\/vc_column][vc_column css_animation=&#8221;fadeInRight&#8221; width=&#8221;2\/3&#8243;][vc_column_text]\n<h3><span style=\"color: #002e6d;\">THE BIRTH OF WINEGROWING <\/span><br \/>\n<span style=\"color: #002e6d;\">IN POMEROL MARKED BY THE ROMANS<\/span><\/h3>\n<p>Dating back to Gallo-Roman times, the vineyards were replanted in the 12th century when the Order of the Hospitallers of St John of Jerusalem (now the Order of the Knights of Malta) settled in Pomerol.<\/p>\n<p>Pilgrims could thus enjoy a convivial place to eat and quench their thirst with wine. The vineyard was replanted in the 18th century following its destruction during the Hundred Years&#8217; War.<\/p>\n<p>At that time, Pomerol was often confused with Saint-Emilion, as the identity of the appellation was less recognised.[\/vc_column_text][\/vc_column][\/vc_row][vc_row full_height=&#8221;yes&#8221; columns_placement=&#8221;stretch&#8221; equal_height=&#8221;yes&#8221; content_placement=&#8221;middle&#8221; css=&#8221;.vc_custom_1647359200300{background-image: url(http:\/\/www.lacroixducasse.com\/wp-content\/uploads\/2022\/03\/BLOC-4-P3-scaled.jpg?id=4627) !important;background-position: center !important;background-repeat: no-repeat !important;background-size: cover !important;}&#8221; el_id=&#8221;section-4&#8243; el_class=&#8221;vc_row_dark_overlay&#8221;][vc_column css_animation=&#8221;fadeIn&#8221; width=&#8221;1\/12&#8243;][\/vc_column][vc_column css_animation=&#8221;fadeIn&#8221; width=&#8221;11\/12&#8243;][vc_column_text css=&#8221;.vc_custom_1720511491015{padding-top: 50px !important;padding-right: 160px !important;padding-bottom: 50px !important;padding-left: 0px !important;}&#8221; el_class=&#8221;text_column&#8211;dark-section-alt&#8221;]\n<h3><span style=\"color: #ffffff;\">AN EMERGENCE IN THE 19TH CENTURY <\/span><br \/>\n<span style=\"color: #ffffff;\">THANKS TO THE WINE TRADE.<\/span><\/h3>\n<p><span style=\"color: #ffffff;\">In the 19th century, the vineyards were redesigned and renewed, with a predominance of Merlot, following the phylloxera crisis. Since then, Pomerol&#8217;s reputation has grown steadily, thanks in particular to the development of transport (the Paris-Libourne railway line in 1851) and the arrival of families from Correze and Belgium specialising in the wine trade between the wars and after 1945.<\/span><\/p>\n<p><span style=\"color: #ffffff;\">Thanks to its proximity to the town of Libourne, trade in Pomerol wines developed via the port of Libourne, which for a long time was regarded as a crossroads with Europe.<\/span><\/p>\n<p><span style=\"color: #ffffff;\">In the 1900s, the winegrowers decided to create a wine and agricultural union to promote the Pomerol appellation. At the end of the 1920s, the appellation was demarcated, then recognised in 1936. The specifications for the appellation were revised several decades later.<\/span>[\/vc_column_text][\/vc_column][\/vc_row][vc_row full_height=&#8221;yes&#8221; columns_placement=&#8221;stretch&#8221; equal_height=&#8221;yes&#8221; content_placement=&#8221;middle&#8221; el_id=&#8221;section-5&#8243;][vc_column css_animation=&#8221;fadeInLeft&#8221; width=&#8221;5\/12&#8243; css=&#8221;.vc_custom_1653315940384{background-image: url(https:\/\/www.lacroixducasse.com\/wp-content\/uploads\/2022\/03\/BLOC-5-P4.jpg?id=4632) !important;background-position: center !important;background-repeat: no-repeat !important;background-size: contain !important;}&#8221; el_class=&#8221;vc_col_align_left&#8221;][\/vc_column][vc_column css_animation=&#8221;fadeInRight&#8221; width=&#8221;7\/12&#8243;][vc_column_text]\n<h3><span style=\"color: #002e6d;\">AN APPELLATION WITH THE WIND IN ITS SAILS<\/span><\/h3>\n<p>Although the Pomerol appellation does not have an official classification, it is now as well known as its neighbouring appellations and has become one of the most famous in the world. A number of unofficial classifications have already been established, with Ch\u00e2teau La Croix du Casse sometimes being listed in the 2nd category.<br \/>\nIn Pomerol, some of the great ch\u00e2teaux are world-famous, such as Ch\u00e2teau P\u00e9trus, a must-see for wine lovers and professionals alike.[\/vc_column_text][\/vc_column][\/vc_row][vc_row full_height=&#8221;yes&#8221; columns_placement=&#8221;stretch&#8221; equal_height=&#8221;yes&#8221; content_placement=&#8221;middle&#8221; css=&#8221;.vc_custom_1648560309424{background-color: #f7f7f7 !important;}&#8221; el_id=&#8221;section-6&#8243;][vc_column css_animation=&#8221;fadeInLeft&#8221; width=&#8221;1\/2&#8243;][vc_column_text]\n<h2><span style=\"color: #002e6d;\">A VINEYARD WITH GREAT POTENTIAL SOUTH OF POMEROL<\/span><\/h2>\n<p>Situated in the commune of Catusseau, to the south of Pomerol, to the east of the town of Libourne, and just a few kilometres from Ch\u00e2teaux Figeac and Cheval Blanc, the 9.5 hectare vineyard of Ch\u00e2teau La Croix du Casse is planted with 90% Merlot and 10% Cabernet Franc.<\/p>\n<p>Made up of vines with an average age of 35 years, the single vineyard is planted on a terrace of ancient gravel and sand with an underlayer of iron dirt.[\/vc_column_text][\/vc_column][vc_column css_animation=&#8221;fadeInRight&#8221; width=&#8221;1\/2&#8243; css=&#8221;.vc_custom_1647359699414{background-image: url(http:\/\/www.lacroixducasse.com\/wp-content\/uploads\/2022\/03\/BLOC-6-P5.jpg?id=4637) !important;background-position: center !important;background-repeat: no-repeat !important;background-size: cover !important;}&#8221;][\/vc_column][\/vc_row]\n<\/div>","protected":false},"excerpt":{"rendered":"<p>[vc_row full_height=&#8221;yes&#8221; columns_placement=&#8221;stretch&#8221; el_class=&#8221;vc_row_intro&#8221; css=&#8221;.vc_custom_1647359015299{background-image: url(http:\/\/www.lacroixducasse.com\/wp-content\/uploads\/2022\/03\/BLOC-1-3-scaled.jpg?id=4615) !important;background-position: center !important;background-repeat: no-repeat !important;background-size: cover !important;}&#8221; el_id=&#8221;section-1&#8243;][vc_column][vc_column_text] Terroir [\/vc_column_text][\/vc_column][\/vc_row][vc_row full_height=&#8221;yes&#8221; columns_placement=&#8221;stretch&#8221; equal_height=&#8221;yes&#8221; content_placement=&#8221;middle&#8221; el_id=&#8221;section-2&#8243;][vc_column css_animation=&#8221;fadeInLeft&#8221; width=&#8221;1\/2&#8243;][vc_column_text] AOC POMEROL, ONE OF BORDEAUX&#8217;S (&#8230;)<\/p>\n","protected":false},"author":3,"featured_media":0,"parent":0,"menu_order":0,"comment_status":"closed","ping_status":"closed","template":"","meta":{"footnotes":""},"class_list":["post-5216","page","type-page","status-publish","hentry"],"yoast_head":"<!-- This site is optimized with the Yoast SEO plugin v23.7 - https:\/\/yoast.com\/wordpress\/plugins\/seo\/ -->\n<title>Terroir Ch\u00e2teau la Croix du Casse Pomerol<\/title>\n<meta name=\"description\" content=\"Located in the Libourne wine-growing region, Pomerol is one of the region&#039;s smallest appellations, with around 800 hectares of vines...\" \/>\n<meta name=\"robots\" content=\"index, follow, max-snippet:-1, max-image-preview:large, max-video-preview:-1\" \/>\n<link rel=\"canonical\" href=\"https:\/\/www.lacroixducasse.com\/en\/terroir\/\" \/>\n<meta property=\"og:locale\" content=\"en_US\" \/>\n<meta property=\"og:type\" content=\"article\" \/>\n<meta property=\"og:title\" content=\"Terroir Ch\u00e2teau la Croix du Casse Pomerol\" \/>\n<meta property=\"og:description\" content=\"Located in the Libourne wine-growing region, Pomerol is one of the region&#039;s smallest appellations, with around 800 hectares of vines...\" \/>\n<meta property=\"og:url\" content=\"https:\/\/www.lacroixducasse.com\/en\/terroir\/\" \/>\n<meta property=\"og:site_name\" content=\"Ch\u00e2teau Batailley\" \/>\n<meta property=\"article:modified_time\" content=\"2024-07-09T07:53:45+00:00\" \/>\n<meta name=\"twitter:card\" content=\"summary_large_image\" \/>\n<meta name=\"twitter:label1\" content=\"Est. reading time\" \/>\n\t<meta name=\"twitter:data1\" content=\"4 minutes\" \/>\n<script type=\"application\/ld+json\" class=\"yoast-schema-graph\">{\"@context\":\"https:\/\/schema.org\",\"@graph\":[{\"@type\":\"WebPage\",\"@id\":\"https:\/\/www.lacroixducasse.com\/en\/terroir\/\",\"url\":\"https:\/\/www.lacroixducasse.com\/en\/terroir\/\",\"name\":\"Terroir Ch\u00e2teau la Croix du Casse Pomerol\",\"isPartOf\":{\"@id\":\"https:\/\/www.lacroixducasse.com\/en\/#website\"},\"datePublished\":\"2019-04-17T09:31:27+00:00\",\"dateModified\":\"2024-07-09T07:53:45+00:00\",\"description\":\"Located in the Libourne wine-growing region, Pomerol is one of the region's smallest appellations, with around 800 hectares of vines...\",\"breadcrumb\":{\"@id\":\"https:\/\/www.lacroixducasse.com\/en\/terroir\/#breadcrumb\"},\"inLanguage\":\"en-US\",\"potentialAction\":[{\"@type\":\"ReadAction\",\"target\":[\"https:\/\/www.lacroixducasse.com\/en\/terroir\/\"]}]},{\"@type\":\"BreadcrumbList\",\"@id\":\"https:\/\/www.lacroixducasse.com\/en\/terroir\/#breadcrumb\",\"itemListElement\":[{\"@type\":\"ListItem\",\"position\":1,\"name\":\"Accueil\",\"item\":\"https:\/\/www.lacroixducasse.com\/en\/\"},{\"@type\":\"ListItem\",\"position\":2,\"name\":\"Terroir\"}]},{\"@type\":\"WebSite\",\"@id\":\"https:\/\/www.lacroixducasse.com\/en\/#website\",\"url\":\"https:\/\/www.lacroixducasse.com\/en\/\",\"name\":\"Ch\u00e2teau Batailley\",\"description\":\"Grand Cru Classe en 1855\",\"potentialAction\":[{\"@type\":\"SearchAction\",\"target\":{\"@type\":\"EntryPoint\",\"urlTemplate\":\"https:\/\/www.lacroixducasse.com\/en\/?s={search_term_string}\"},\"query-input\":{\"@type\":\"PropertyValueSpecification\",\"valueRequired\":true,\"valueName\":\"search_term_string\"}}],\"inLanguage\":\"en-US\"}]}<\/script>\n<!-- \/ Yoast SEO plugin. -->","yoast_head_json":{"title":"Terroir Ch\u00e2teau la Croix du Casse Pomerol","description":"Located in the Libourne wine-growing region, Pomerol is one of the region's smallest appellations, with around 800 hectares of vines...","robots":{"index":"index","follow":"follow","max-snippet":"max-snippet:-1","max-image-preview":"max-image-preview:large","max-video-preview":"max-video-preview:-1"},"canonical":"https:\/\/www.lacroixducasse.com\/en\/terroir\/","og_locale":"en_US","og_type":"article","og_title":"Terroir Ch\u00e2teau la Croix du Casse Pomerol","og_description":"Located in the Libourne wine-growing region, Pomerol is one of the region's smallest appellations, with around 800 hectares of vines...","og_url":"https:\/\/www.lacroixducasse.com\/en\/terroir\/","og_site_name":"Ch\u00e2teau Batailley","article_modified_time":"2024-07-09T07:53:45+00:00","twitter_card":"summary_large_image","twitter_misc":{"Est. reading time":"4 minutes"},"schema":{"@context":"https:\/\/schema.org","@graph":[{"@type":"WebPage","@id":"https:\/\/www.lacroixducasse.com\/en\/terroir\/","url":"https:\/\/www.lacroixducasse.com\/en\/terroir\/","name":"Terroir Ch\u00e2teau la Croix du Casse Pomerol","isPartOf":{"@id":"https:\/\/www.lacroixducasse.com\/en\/#website"},"datePublished":"2019-04-17T09:31:27+00:00","dateModified":"2024-07-09T07:53:45+00:00","description":"Located in the Libourne wine-growing region, Pomerol is one of the region's smallest appellations, with around 800 hectares of vines...","breadcrumb":{"@id":"https:\/\/www.lacroixducasse.com\/en\/terroir\/#breadcrumb"},"inLanguage":"en-US","potentialAction":[{"@type":"ReadAction","target":["https:\/\/www.lacroixducasse.com\/en\/terroir\/"]}]},{"@type":"BreadcrumbList","@id":"https:\/\/www.lacroixducasse.com\/en\/terroir\/#breadcrumb","itemListElement":[{"@type":"ListItem","position":1,"name":"Accueil","item":"https:\/\/www.lacroixducasse.com\/en\/"},{"@type":"ListItem","position":2,"name":"Terroir"}]},{"@type":"WebSite","@id":"https:\/\/www.lacroixducasse.com\/en\/#website","url":"https:\/\/www.lacroixducasse.com\/en\/","name":"Ch\u00e2teau Batailley","description":"Grand Cru Classe en 1855","potentialAction":[{"@type":"SearchAction","target":{"@type":"EntryPoint","urlTemplate":"https:\/\/www.lacroixducasse.com\/en\/?s={search_term_string}"},"query-input":{"@type":"PropertyValueSpecification","valueRequired":true,"valueName":"search_term_string"}}],"inLanguage":"en-US"}]}},"_links":{"self":[{"href":"https:\/\/www.lacroixducasse.com\/en\/wp-json\/wp\/v2\/pages\/5216"}],"collection":[{"href":"https:\/\/www.lacroixducasse.com\/en\/wp-json\/wp\/v2\/pages"}],"about":[{"href":"https:\/\/www.lacroixducasse.com\/en\/wp-json\/wp\/v2\/types\/page"}],"author":[{"embeddable":true,"href":"https:\/\/www.lacroixducasse.com\/en\/wp-json\/wp\/v2\/users\/3"}],"replies":[{"embeddable":true,"href":"https:\/\/www.lacroixducasse.com\/en\/wp-json\/wp\/v2\/comments?post=5216"}],"version-history":[{"count":3,"href":"https:\/\/www.lacroixducasse.com\/en\/wp-json\/wp\/v2\/pages\/5216\/revisions"}],"predecessor-version":[{"id":5219,"href":"https:\/\/www.lacroixducasse.com\/en\/wp-json\/wp\/v2\/pages\/5216\/revisions\/5219"}],"wp:attachment":[{"href":"https:\/\/www.lacroixducasse.com\/en\/wp-json\/wp\/v2\/media?parent=5216"}],"curies":[{"name":"wp","href":"https:\/\/api.w.org\/{rel}","templated":true}]}}