{"id":5226,"date":"2020-03-09T16:42:16","date_gmt":"2020-03-09T15:42:16","guid":{"rendered":"https:\/\/www.lacroixducasse.com\/equipe-du-chateau\/"},"modified":"2024-07-09T10:17:31","modified_gmt":"2024-07-09T08:17:31","slug":"team","status":"publish","type":"page","link":"https:\/\/www.lacroixducasse.com\/en\/team\/","title":{"rendered":"Team"},"content":{"rendered":"<div class=\"wpb-content-wrapper\">[vc_row full_height=&#8221;yes&#8221; columns_placement=&#8221;stretch&#8221; el_class=&#8221;vc_row_intro vc_row_intro&#8211;alt&#8221; css=&#8221;.vc_custom_1648128510493{background-image: url(http:\/\/www.lacroixducasse.com\/wp-content\/uploads\/2022\/03\/BLOC-1-5.jpg?id=4684) !important;background-position: center !important;background-repeat: no-repeat !important;background-size: cover !important;}&#8221; el_id=&#8221;section-1&#8243;][vc_column][vc_column_text]\t<p>\n\t\t<a href=\"https:\/\/www.lacroixducasse.com\/en\/\" class=\"intro-logo\">\n\t\t\t<img decoding=\"async\" src=\"https:\/\/www.lacroixducasse.com\/wp-content\/uploads\/2022\/03\/Group-108.svg\" class=\"aligncenter logo-desktop\" alt=\"\" \/><img decoding=\"async\" src=\"https:\/\/www.lacroixducasse.com\/wp-content\/uploads\/2022\/03\/Group-108.svg\" class=\"aligncenter logo-mobile\" alt=\"\" \/>\t\t<\/a>\n\t<\/p>\n\t\n<h1 style=\"text-align: center;\"><span style=\"color: #ffffff;\">Team<\/span><\/h1>\n[\/vc_column_text][\/vc_column][\/vc_row][vc_row full_height=&#8221;yes&#8221; equal_height=&#8221;yes&#8221; content_placement=&#8221;middle&#8221; el_id=&#8221;section-2&#8243; el_class=&#8221;vc_row_image_grid&#8221;][vc_column css_animation=&#8221;fadeInLeft&#8221; width=&#8221;1\/2&#8243;][vc_column_text]\n<h2><span style=\"color: #002e6d;\">AN EXPERIENCED TEAM<\/span><\/h2>\n<p>Under the direction of Philippe Cast\u00e9ja, the team at Ch\u00e2teau la Croix du Casse draws on its experience at Ch\u00e2teaux TrotteVieille, 1er Grand Cru Class\u00e9 Saint Emilion Grand Cru, and Domaine de l&#8217;\u00c9glise, Pomerol comparable to the Grands Crus Class\u00e9s, to improve the quality of the wines each year.<\/p>\n<p>The team is made up of around ten people divided between the offices and the field. Thierry Ruban has been Administrative Director at the head office since 1994. Marie Leuret and B\u00e9atrice Frapp\u00e9, who joined in 2018, support him in his duties.<\/p>\n<p>At the Ch\u00e2teau, Christophe Dussutour has been Vineyard Manager since 1999. Since 2018, he has been supported by Val\u00e9rio Mortari, Cellar Master.<\/p>\n<p>During certain periods of activity, the team is reinforced with seasonal workers. [\/vc_column_text][\/vc_column][vc_column css_animation=&#8221;fadeInRight&#8221; width=&#8221;1\/2&#8243; el_class=&#8221;vc_column_images&#8221;][vc_column_text]<img loading=\"lazy\" decoding=\"async\" class=\"alignnone wp-image-5179\" src=\"https:\/\/www.lacroixducasse.com\/wp-content\/uploads\/2024\/02\/\u00a9-Julie-Rey-7H0A8888-5-scaled.jpg\" alt=\"\" width=\"338\" height=\"514\" srcset=\"https:\/\/www.lacroixducasse.com\/wp-content\/uploads\/2024\/02\/\u00a9-Julie-Rey-7H0A8888-5-scaled.jpg 1683w, https:\/\/www.lacroixducasse.com\/wp-content\/uploads\/2024\/02\/\u00a9-Julie-Rey-7H0A8888-5-197x300.jpg 197w, https:\/\/www.lacroixducasse.com\/wp-content\/uploads\/2024\/02\/\u00a9-Julie-Rey-7H0A8888-5-673x1024.jpg 673w, https:\/\/www.lacroixducasse.com\/wp-content\/uploads\/2024\/02\/\u00a9-Julie-Rey-7H0A8888-5-768x1168.jpg 768w, https:\/\/www.lacroixducasse.com\/wp-content\/uploads\/2024\/02\/\u00a9-Julie-Rey-7H0A8888-5-1010x1536.jpg 1010w, https:\/\/www.lacroixducasse.com\/wp-content\/uploads\/2024\/02\/\u00a9-Julie-Rey-7H0A8888-5-1346x2048.jpg 1346w\" sizes=\"(max-width: 338px) 100vw, 338px\" \/><img loading=\"lazy\" decoding=\"async\" class=\"alignnone size-full wp-image-4674\" src=\"http:\/\/www.lacroixducasse.com\/wp-content\/uploads\/2022\/03\/BLOC-2-2.jpg\" alt=\"\" width=\"338\" height=\"510\" srcset=\"https:\/\/www.lacroixducasse.com\/wp-content\/uploads\/2022\/03\/BLOC-2-2.jpg 338w, https:\/\/www.lacroixducasse.com\/wp-content\/uploads\/2022\/03\/BLOC-2-2-199x300.jpg 199w\" sizes=\"(max-width: 338px) 100vw, 338px\" \/><img loading=\"lazy\" decoding=\"async\" class=\"alignnone size-full wp-image-4678\" src=\"http:\/\/www.lacroixducasse.com\/wp-content\/uploads\/2022\/03\/BLOC-2-3.jpg\" alt=\"\" width=\"339\" height=\"512\" srcset=\"https:\/\/www.lacroixducasse.com\/wp-content\/uploads\/2022\/03\/BLOC-2-3.jpg 339w, https:\/\/www.lacroixducasse.com\/wp-content\/uploads\/2022\/03\/BLOC-2-3-199x300.jpg 199w\" sizes=\"(max-width: 339px) 100vw, 339px\" \/><img loading=\"lazy\" decoding=\"async\" class=\"alignnone size-full wp-image-4682\" src=\"http:\/\/www.lacroixducasse.com\/wp-content\/uploads\/2022\/03\/7H0A1892.jpg\" alt=\"\" width=\"338\" height=\"512\" srcset=\"https:\/\/www.lacroixducasse.com\/wp-content\/uploads\/2022\/03\/7H0A1892.jpg 338w, https:\/\/www.lacroixducasse.com\/wp-content\/uploads\/2022\/03\/7H0A1892-198x300.jpg 198w\" sizes=\"(max-width: 338px) 100vw, 338px\" \/>[\/vc_column_text][\/vc_column][\/vc_row][vc_row full_height=&#8221;yes&#8221; equal_height=&#8221;yes&#8221; content_placement=&#8221;middle&#8221; el_id=&#8221;section-4&#8243; el_class=&#8221;vc_row_images vc_row_images&#8211;smaller-images column-size-original&#8221; css=&#8221;.vc_custom_1634631600530{background-color: #f7f7f7 !important;}&#8221;][vc_column css_animation=&#8221;fadeInRight&#8221; width=&#8221;5\/12&#8243; css=&#8221;.vc_custom_1634631712235{background-position: center !important;background-repeat: no-repeat !important;background-size: cover !important;}&#8221;][vc_column_text]<img loading=\"lazy\" decoding=\"async\" class=\"alignnone size-full wp-image-4690\" src=\"http:\/\/www.lacroixducasse.com\/wp-content\/uploads\/2022\/03\/Axel-Marchal_bloc.jpg\" alt=\"\" width=\"290\" height=\"438\" srcset=\"https:\/\/www.lacroixducasse.com\/wp-content\/uploads\/2022\/03\/Axel-Marchal_bloc.jpg 290w, https:\/\/www.lacroixducasse.com\/wp-content\/uploads\/2022\/03\/Axel-Marchal_bloc-199x300.jpg 199w\" sizes=\"(max-width: 290px) 100vw, 290px\" \/><img loading=\"lazy\" decoding=\"async\" class=\"alignnone size-full wp-image-4694\" src=\"http:\/\/www.lacroixducasse.com\/wp-content\/uploads\/2022\/03\/Valerie-LAVIGNE_product_big.jpg\" alt=\"\" width=\"290\" height=\"440\" srcset=\"https:\/\/www.lacroixducasse.com\/wp-content\/uploads\/2022\/03\/Valerie-LAVIGNE_product_big.jpg 290w, https:\/\/www.lacroixducasse.com\/wp-content\/uploads\/2022\/03\/Valerie-LAVIGNE_product_big-198x300.jpg 198w\" sizes=\"(max-width: 290px) 100vw, 290px\" \/><img loading=\"lazy\" decoding=\"async\" class=\"alignnone size-full wp-image-4698\" src=\"http:\/\/www.lacroixducasse.com\/wp-content\/uploads\/2022\/03\/Thomas-Duclos.jpg\" alt=\"\" width=\"291\" height=\"440\" srcset=\"https:\/\/www.lacroixducasse.com\/wp-content\/uploads\/2022\/03\/Thomas-Duclos.jpg 291w, https:\/\/www.lacroixducasse.com\/wp-content\/uploads\/2022\/03\/Thomas-Duclos-198x300.jpg 198w\" sizes=\"(max-width: 291px) 100vw, 291px\" \/>[\/vc_column_text][\/vc_column][vc_column css_animation=&#8221;fadeInLeft&#8221; width=&#8221;7\/12&#8243;][vc_column_text css=&#8221;.vc_custom_1720512864178{padding-left: 60px !important;}&#8221;]\n<h2><span style=\"color: #002e6d;\">MONITORING BY SEVERAL RECOGNISED OENOLOGISTS<\/span><\/h2>\n<p>After training in oenology at the Universit\u00e9 Victor Segalen in Bordeaux, Thomas Duclos began his career in wine as co-director and oenologist at the \u0152noteam oenology consultancy in Libourne. He advised a number of Ch\u00e2teaux on how to improve the quality of their wines.<\/p>\n<p>Val\u00e9rie Lavigne, Doctor of Oenology, now a lecturer and researcher at the Faculty of Oenology in Bordeaux and a trainer at the CIVB.<\/p>\n<p>Axel Marchal, Doctor of Oenology since 2010 and lecturer at the Institut des Sciences et de la Vigne since 2013.<\/p>\n[\/vc_column_text][\/vc_column][\/vc_row]\n<\/div>","protected":false},"excerpt":{"rendered":"<p>[vc_row full_height=&#8221;yes&#8221; columns_placement=&#8221;stretch&#8221; el_class=&#8221;vc_row_intro vc_row_intro&#8211;alt&#8221; css=&#8221;.vc_custom_1648128510493{background-image: url(http:\/\/www.lacroixducasse.com\/wp-content\/uploads\/2022\/03\/BLOC-1-5.jpg?id=4684) !important;background-position: center !important;background-repeat: no-repeat !important;background-size: cover !important;}&#8221; el_id=&#8221;section-1&#8243;][vc_column][vc_column_text] Team [\/vc_column_text][\/vc_column][\/vc_row][vc_row full_height=&#8221;yes&#8221; equal_height=&#8221;yes&#8221; content_placement=&#8221;middle&#8221; el_id=&#8221;section-2&#8243; el_class=&#8221;vc_row_image_grid&#8221;][vc_column css_animation=&#8221;fadeInLeft&#8221; width=&#8221;1\/2&#8243;][vc_column_text] AN EXPERIENCED TEAM Under (&#8230;)<\/p>\n","protected":false},"author":5,"featured_media":0,"parent":0,"menu_order":0,"comment_status":"closed","ping_status":"closed","template":"","meta":{"footnotes":""},"class_list":["post-5226","page","type-page","status-publish","hentry"],"yoast_head":"<!-- This site is optimized with the Yoast SEO plugin v23.7 - https:\/\/yoast.com\/wordpress\/plugins\/seo\/ -->\n<title>Team Ch\u00e2teau la Croix du Casse Pomerol<\/title>\n<meta name=\"description\" content=\"Under the direction of Philippe Cast\u00e9ja, the team at Ch\u00e2teau la Croix du Casse draws on its experience at Ch\u00e2teau TrotteVieille...\" \/>\n<meta name=\"robots\" content=\"index, follow, max-snippet:-1, max-image-preview:large, max-video-preview:-1\" \/>\n<link rel=\"canonical\" href=\"https:\/\/www.lacroixducasse.com\/en\/team\/\" \/>\n<meta property=\"og:locale\" content=\"en_US\" \/>\n<meta property=\"og:type\" content=\"article\" \/>\n<meta property=\"og:title\" content=\"Team Ch\u00e2teau la Croix du Casse Pomerol\" \/>\n<meta property=\"og:description\" content=\"Under the direction of Philippe Cast\u00e9ja, the team at Ch\u00e2teau la Croix du Casse draws on its experience at Ch\u00e2teau TrotteVieille...\" \/>\n<meta property=\"og:url\" content=\"https:\/\/www.lacroixducasse.com\/en\/team\/\" \/>\n<meta property=\"og:site_name\" content=\"Ch\u00e2teau Batailley\" \/>\n<meta property=\"article:modified_time\" content=\"2024-07-09T08:17:31+00:00\" \/>\n<meta property=\"og:image\" content=\"http:\/\/www.lacroixducasse.com\/wp-content\/uploads\/2022\/03\/BLOC-2-2.jpg\" \/>\n<meta name=\"twitter:card\" content=\"summary_large_image\" \/>\n<meta name=\"twitter:label1\" content=\"Est. reading time\" \/>\n\t<meta name=\"twitter:data1\" content=\"3 minutes\" \/>\n<script type=\"application\/ld+json\" class=\"yoast-schema-graph\">{\"@context\":\"https:\/\/schema.org\",\"@graph\":[{\"@type\":\"WebPage\",\"@id\":\"https:\/\/www.lacroixducasse.com\/en\/team\/\",\"url\":\"https:\/\/www.lacroixducasse.com\/en\/team\/\",\"name\":\"Team Ch\u00e2teau la Croix du Casse Pomerol\",\"isPartOf\":{\"@id\":\"https:\/\/www.lacroixducasse.com\/en\/#website\"},\"primaryImageOfPage\":{\"@id\":\"https:\/\/www.lacroixducasse.com\/en\/team\/#primaryimage\"},\"image\":{\"@id\":\"https:\/\/www.lacroixducasse.com\/en\/team\/#primaryimage\"},\"thumbnailUrl\":\"http:\/\/www.lacroixducasse.com\/wp-content\/uploads\/2022\/03\/BLOC-2-2.jpg\",\"datePublished\":\"2020-03-09T15:42:16+00:00\",\"dateModified\":\"2024-07-09T08:17:31+00:00\",\"description\":\"Under the direction of Philippe Cast\u00e9ja, the team at Ch\u00e2teau la Croix du Casse draws on its experience at Ch\u00e2teau TrotteVieille...\",\"breadcrumb\":{\"@id\":\"https:\/\/www.lacroixducasse.com\/en\/team\/#breadcrumb\"},\"inLanguage\":\"en-US\",\"potentialAction\":[{\"@type\":\"ReadAction\",\"target\":[\"https:\/\/www.lacroixducasse.com\/en\/team\/\"]}]},{\"@type\":\"ImageObject\",\"inLanguage\":\"en-US\",\"@id\":\"https:\/\/www.lacroixducasse.com\/en\/team\/#primaryimage\",\"url\":\"http:\/\/www.lacroixducasse.com\/wp-content\/uploads\/2022\/03\/BLOC-2-2.jpg\",\"contentUrl\":\"http:\/\/www.lacroixducasse.com\/wp-content\/uploads\/2022\/03\/BLOC-2-2.jpg\"},{\"@type\":\"BreadcrumbList\",\"@id\":\"https:\/\/www.lacroixducasse.com\/en\/team\/#breadcrumb\",\"itemListElement\":[{\"@type\":\"ListItem\",\"position\":1,\"name\":\"Accueil\",\"item\":\"https:\/\/www.lacroixducasse.com\/en\/\"},{\"@type\":\"ListItem\",\"position\":2,\"name\":\"Team\"}]},{\"@type\":\"WebSite\",\"@id\":\"https:\/\/www.lacroixducasse.com\/en\/#website\",\"url\":\"https:\/\/www.lacroixducasse.com\/en\/\",\"name\":\"Ch\u00e2teau Batailley\",\"description\":\"Grand Cru Classe en 1855\",\"potentialAction\":[{\"@type\":\"SearchAction\",\"target\":{\"@type\":\"EntryPoint\",\"urlTemplate\":\"https:\/\/www.lacroixducasse.com\/en\/?s={search_term_string}\"},\"query-input\":{\"@type\":\"PropertyValueSpecification\",\"valueRequired\":true,\"valueName\":\"search_term_string\"}}],\"inLanguage\":\"en-US\"}]}<\/script>\n<!-- \/ Yoast SEO plugin. -->","yoast_head_json":{"title":"Team Ch\u00e2teau la Croix du Casse Pomerol","description":"Under the direction of Philippe Cast\u00e9ja, the team at Ch\u00e2teau la Croix du Casse draws on its experience at Ch\u00e2teau TrotteVieille...","robots":{"index":"index","follow":"follow","max-snippet":"max-snippet:-1","max-image-preview":"max-image-preview:large","max-video-preview":"max-video-preview:-1"},"canonical":"https:\/\/www.lacroixducasse.com\/en\/team\/","og_locale":"en_US","og_type":"article","og_title":"Team Ch\u00e2teau la Croix du Casse Pomerol","og_description":"Under the direction of Philippe Cast\u00e9ja, the team at Ch\u00e2teau la Croix du Casse draws on its experience at Ch\u00e2teau TrotteVieille...","og_url":"https:\/\/www.lacroixducasse.com\/en\/team\/","og_site_name":"Ch\u00e2teau Batailley","article_modified_time":"2024-07-09T08:17:31+00:00","og_image":[{"url":"http:\/\/www.lacroixducasse.com\/wp-content\/uploads\/2022\/03\/BLOC-2-2.jpg"}],"twitter_card":"summary_large_image","twitter_misc":{"Est. reading time":"3 minutes"},"schema":{"@context":"https:\/\/schema.org","@graph":[{"@type":"WebPage","@id":"https:\/\/www.lacroixducasse.com\/en\/team\/","url":"https:\/\/www.lacroixducasse.com\/en\/team\/","name":"Team Ch\u00e2teau la Croix du Casse Pomerol","isPartOf":{"@id":"https:\/\/www.lacroixducasse.com\/en\/#website"},"primaryImageOfPage":{"@id":"https:\/\/www.lacroixducasse.com\/en\/team\/#primaryimage"},"image":{"@id":"https:\/\/www.lacroixducasse.com\/en\/team\/#primaryimage"},"thumbnailUrl":"http:\/\/www.lacroixducasse.com\/wp-content\/uploads\/2022\/03\/BLOC-2-2.jpg","datePublished":"2020-03-09T15:42:16+00:00","dateModified":"2024-07-09T08:17:31+00:00","description":"Under the direction of Philippe Cast\u00e9ja, the team at Ch\u00e2teau la Croix du Casse draws on its experience at Ch\u00e2teau TrotteVieille...","breadcrumb":{"@id":"https:\/\/www.lacroixducasse.com\/en\/team\/#breadcrumb"},"inLanguage":"en-US","potentialAction":[{"@type":"ReadAction","target":["https:\/\/www.lacroixducasse.com\/en\/team\/"]}]},{"@type":"ImageObject","inLanguage":"en-US","@id":"https:\/\/www.lacroixducasse.com\/en\/team\/#primaryimage","url":"http:\/\/www.lacroixducasse.com\/wp-content\/uploads\/2022\/03\/BLOC-2-2.jpg","contentUrl":"http:\/\/www.lacroixducasse.com\/wp-content\/uploads\/2022\/03\/BLOC-2-2.jpg"},{"@type":"BreadcrumbList","@id":"https:\/\/www.lacroixducasse.com\/en\/team\/#breadcrumb","itemListElement":[{"@type":"ListItem","position":1,"name":"Accueil","item":"https:\/\/www.lacroixducasse.com\/en\/"},{"@type":"ListItem","position":2,"name":"Team"}]},{"@type":"WebSite","@id":"https:\/\/www.lacroixducasse.com\/en\/#website","url":"https:\/\/www.lacroixducasse.com\/en\/","name":"Ch\u00e2teau Batailley","description":"Grand Cru Classe en 1855","potentialAction":[{"@type":"SearchAction","target":{"@type":"EntryPoint","urlTemplate":"https:\/\/www.lacroixducasse.com\/en\/?s={search_term_string}"},"query-input":{"@type":"PropertyValueSpecification","valueRequired":true,"valueName":"search_term_string"}}],"inLanguage":"en-US"}]}},"_links":{"self":[{"href":"https:\/\/www.lacroixducasse.com\/en\/wp-json\/wp\/v2\/pages\/5226"}],"collection":[{"href":"https:\/\/www.lacroixducasse.com\/en\/wp-json\/wp\/v2\/pages"}],"about":[{"href":"https:\/\/www.lacroixducasse.com\/en\/wp-json\/wp\/v2\/types\/page"}],"author":[{"embeddable":true,"href":"https:\/\/www.lacroixducasse.com\/en\/wp-json\/wp\/v2\/users\/5"}],"replies":[{"embeddable":true,"href":"https:\/\/www.lacroixducasse.com\/en\/wp-json\/wp\/v2\/comments?post=5226"}],"version-history":[{"count":3,"href":"https:\/\/www.lacroixducasse.com\/en\/wp-json\/wp\/v2\/pages\/5226\/revisions"}],"predecessor-version":[{"id":5229,"href":"https:\/\/www.lacroixducasse.com\/en\/wp-json\/wp\/v2\/pages\/5226\/revisions\/5229"}],"wp:attachment":[{"href":"https:\/\/www.lacroixducasse.com\/en\/wp-json\/wp\/v2\/media?parent=5226"}],"curies":[{"name":"wp","href":"https:\/\/api.w.org\/{rel}","templated":true}]}}