{"id":5241,"date":"2019-04-16T11:46:56","date_gmt":"2019-04-16T11:46:56","guid":{"rendered":"https:\/\/www.lacroixducasse.com\/mentions-legales\/"},"modified":"2025-02-11T11:00:40","modified_gmt":"2025-02-11T10:00:40","slug":"mentions-legales","status":"publish","type":"page","link":"https:\/\/www.lacroixducasse.com\/en\/mentions-legales\/","title":{"rendered":"Legal"},"content":{"rendered":"<div class=\"wpb-content-wrapper\">[vc_row full_height=&#8221;yes&#8221; columns_placement=&#8221;stretch&#8221; el_class=&#8221;vc_row_intro&#8221; css=&#8221;.vc_custom_1652948885949{background-image: url(https:\/\/www.lacroixducasse.com\/wp-content\/uploads\/2022\/05\/7H0A2679-5.jpg?id=5096) !important;background-position: center !important;background-repeat: no-repeat !important;background-size: cover !important;}&#8221; el_id=&#8221;section-1&#8243;][vc_column][vc_column_text]\t<p>\n\t\t<a href=\"https:\/\/www.lacroixducasse.com\/en\/\" class=\"intro-logo\">\n\t\t\t<img decoding=\"async\" src=\"https:\/\/www.lacroixducasse.com\/wp-content\/uploads\/2022\/03\/Group-108.svg\" class=\"aligncenter logo-desktop\" alt=\"\" \/><img decoding=\"async\" src=\"https:\/\/www.lacroixducasse.com\/wp-content\/uploads\/2022\/03\/Group-108.svg\" class=\"aligncenter logo-mobile\" alt=\"\" \/>\t\t<\/a>\n\t<\/p>\n\t\n<h1 style=\"text-align: center;\"><span style=\"color: #ffffff;\">Legal<\/span><\/h1>\n[\/vc_column_text][\/vc_column][\/vc_row][vc_row full_height=&#8221;yes&#8221; equal_height=&#8221;yes&#8221; content_placement=&#8221;middle&#8221;][vc_column css_animation=&#8221;fadeInLeft&#8221;][vc_column_text]\n<h2><span style=\"color: #002e6d;\">PERSONAL DATA<\/span><\/h2>\n<p>When a visitor enters contact information and ticks the box asking to receive a reply via the on-line contact form, the Ch\u00e2teau teams reply to this request within 10 business days. This data is not kept once a reply has been given and\/or if the user does not wish to be contacted again. No computer processing for statistical and\/or commercial purposes is carried out beyond the reply.[\/vc_column_text][vc_column_text]\n<h2><span style=\"color: #002e6d;\">USE OF COOKIES<\/span><\/h2>\n<p>To improve statistical performance on website visits, cookies are used on the Ch\u00e2teau la Croix du Casse internet website. A cookie is a data file enabling the browsing and click-stream of a website visitor to be understood. No personal information is collected by cookies.[\/vc_column_text][vc_column_text]\n<h2><span style=\"color: #002e6d;\">INTELLECTUAL PROPERTY<\/span><\/h2>\n<p>All unauthorised reproduction or distribution of the whole or a part of the elements and information of this website is prohibited. The content is available for private and non-collective use. The intellectual property code, authorising solely, under the terms of article L. 122-5.2\u00b0 and 3\u00b0a, on the one hand, \u201ccopies or reproductions strictly reserved for the private use of the copyist and not intended for a collective use\u201d and, on the other hand, analyses and short quotations for the purpose of example and illustration, \u201cany representation or reproduction, either complete or partial, made without the consent of the author or his successors in title or assigns is unlawful.\u201d (Art. L. 122-4). This representation or reproduction, made by any means whatsoever, would therefore constitute an infringement sanctioned by article L. 335-2 and subsequent articles of the intellectual property code.[\/vc_column_text][vc_column_text]\n<h2><span style=\"color: #002e6d;\">PUBLISHER<\/span><\/h2>\n<p>Headquarter: Ch\u00e2teau La Croix du Casse, 88 Quai de Bacalan 33300 Bordeaux<br \/>\nCompany type: SCEV<br \/>\nSIREN number: 481 894 053<br \/>\nTVA number: FR 884 818 940 53<br \/>\nShare capital: 1\u00a0226\u00a0000,00 \u20ac<br \/>\nE-mail address: domaines@borie-manoux.fr<br \/>\nPhone: 05.56.00.00.70[\/vc_column_text][vc_column_text]\n<h2><span style=\"color: #002e6d;\">PRESIDENT<\/span><\/h2>\n<p>Philippe Cast\u00e9ja<br \/>\nChantal Preben Hansen[\/vc_column_text][vc_column_text]\n<h2><span style=\"color: #002e6d;\">WEBSITE HOST<\/span><\/h2>\n<p>Exalto<br \/>\n4 rue Ren\u00e9 Martrenchar<br \/>\n33150 Cenon<br \/>\n05.56.32.62.63<br \/>\n<a href=\"https:\/\/www.ex-alto.com\/\" target=\"_blank\" rel=\"noopener noreferrer\">www.ex-alto.com<\/a>[\/vc_column_text][vc_column_text css=&#8221;&#8221;]\n<h2><span style=\"color: #002e6d;\">DESIGN &amp; DEVELOPMENT <\/span><\/h2>\n<p>Kaizen Agency<br \/>\n9 rue Andr\u00e9 Darbon<br \/>\n33300 Bordeaux<br \/>\n05 35 54 22 81<br \/>\n<a href=\"https:\/\/www.kaizen-agency.fr\/\">www.kaizen-agency.fr<\/a><\/p>\n[\/vc_column_text][vc_column_text]\n<h2><span style=\"color: #002e6d;\">PHOTOS CREDITS<\/span><\/h2>\n<p>Sarah Matthews<br \/>\nPatrick Cronenberg<br \/>\nJulie Rey<br \/>\nMiguel Ramos[\/vc_column_text][vc_column_text]\n<h2><span style=\"color: #002e6d;\">EDITING AND PUBLISHING<\/span><\/h2>\n<p>Fr\u00e9d\u00e9ric Cast\u00e9ja<br \/>\nMarie Repain[\/vc_column_text][vc_column_text]\n<h2><span style=\"color: #002e6d;\">TECHNICAL<\/span><\/h2>\n<p>St\u00e9phane Perot[\/vc_column_text][\/vc_column][\/vc_row]\n<\/div>","protected":false},"excerpt":{"rendered":"<p>[vc_row full_height=&#8221;yes&#8221; columns_placement=&#8221;stretch&#8221; el_class=&#8221;vc_row_intro&#8221; css=&#8221;.vc_custom_1652948885949{background-image: url(https:\/\/www.lacroixducasse.com\/wp-content\/uploads\/2022\/05\/7H0A2679-5.jpg?id=5096) !important;background-position: center !important;background-repeat: no-repeat !important;background-size: cover !important;}&#8221; el_id=&#8221;section-1&#8243;][vc_column][vc_column_text] Legal [\/vc_column_text][\/vc_column][\/vc_row][vc_row full_height=&#8221;yes&#8221; equal_height=&#8221;yes&#8221; content_placement=&#8221;middle&#8221;][vc_column css_animation=&#8221;fadeInLeft&#8221;][vc_column_text] PERSONAL DATA When a visitor enters contact information (&#8230;)<\/p>\n","protected":false},"author":3,"featured_media":0,"parent":0,"menu_order":0,"comment_status":"closed","ping_status":"open","template":"","meta":{"footnotes":""},"class_list":["post-5241","page","type-page","status-publish","hentry"],"yoast_head":"<!-- This site is optimized with the Yoast SEO plugin v23.7 - https:\/\/yoast.com\/wordpress\/plugins\/seo\/ -->\n<title>Legal Ch\u00e2teau la Croix du Casse<\/title>\n<meta name=\"description\" content=\"Legal mentions of Ch\u00e2teau la Croix du Casse website\" \/>\n<meta name=\"robots\" content=\"index, follow, max-snippet:-1, max-image-preview:large, max-video-preview:-1\" \/>\n<link rel=\"canonical\" href=\"https:\/\/www.lacroixducasse.com\/en\/mentions-legales\/\" \/>\n<meta property=\"og:locale\" content=\"en_US\" \/>\n<meta property=\"og:type\" content=\"article\" \/>\n<meta property=\"og:title\" content=\"Legal Ch\u00e2teau la Croix du Casse\" \/>\n<meta property=\"og:description\" content=\"Legal mentions of Ch\u00e2teau la Croix du Casse website\" \/>\n<meta property=\"og:url\" content=\"https:\/\/www.lacroixducasse.com\/en\/mentions-legales\/\" \/>\n<meta property=\"og:site_name\" content=\"Ch\u00e2teau Batailley\" \/>\n<meta property=\"article:modified_time\" content=\"2025-02-11T10:00:40+00:00\" \/>\n<meta name=\"twitter:card\" content=\"summary_large_image\" \/>\n<meta name=\"twitter:label1\" content=\"Est. reading time\" \/>\n\t<meta name=\"twitter:data1\" content=\"2 minutes\" \/>\n<script type=\"application\/ld+json\" class=\"yoast-schema-graph\">{\"@context\":\"https:\/\/schema.org\",\"@graph\":[{\"@type\":\"WebPage\",\"@id\":\"https:\/\/www.lacroixducasse.com\/en\/mentions-legales\/\",\"url\":\"https:\/\/www.lacroixducasse.com\/en\/mentions-legales\/\",\"name\":\"Legal Ch\u00e2teau la Croix du Casse\",\"isPartOf\":{\"@id\":\"https:\/\/www.lacroixducasse.com\/en\/#website\"},\"datePublished\":\"2019-04-16T11:46:56+00:00\",\"dateModified\":\"2025-02-11T10:00:40+00:00\",\"description\":\"Legal mentions of Ch\u00e2teau la Croix du Casse website\",\"breadcrumb\":{\"@id\":\"https:\/\/www.lacroixducasse.com\/en\/mentions-legales\/#breadcrumb\"},\"inLanguage\":\"en-US\",\"potentialAction\":[{\"@type\":\"ReadAction\",\"target\":[\"https:\/\/www.lacroixducasse.com\/en\/mentions-legales\/\"]}]},{\"@type\":\"BreadcrumbList\",\"@id\":\"https:\/\/www.lacroixducasse.com\/en\/mentions-legales\/#breadcrumb\",\"itemListElement\":[{\"@type\":\"ListItem\",\"position\":1,\"name\":\"Accueil\",\"item\":\"https:\/\/www.lacroixducasse.com\/en\/\"},{\"@type\":\"ListItem\",\"position\":2,\"name\":\"Legal\"}]},{\"@type\":\"WebSite\",\"@id\":\"https:\/\/www.lacroixducasse.com\/en\/#website\",\"url\":\"https:\/\/www.lacroixducasse.com\/en\/\",\"name\":\"Ch\u00e2teau Batailley\",\"description\":\"Grand Cru Classe en 1855\",\"potentialAction\":[{\"@type\":\"SearchAction\",\"target\":{\"@type\":\"EntryPoint\",\"urlTemplate\":\"https:\/\/www.lacroixducasse.com\/en\/?s={search_term_string}\"},\"query-input\":{\"@type\":\"PropertyValueSpecification\",\"valueRequired\":true,\"valueName\":\"search_term_string\"}}],\"inLanguage\":\"en-US\"}]}<\/script>\n<!-- \/ Yoast SEO plugin. -->","yoast_head_json":{"title":"Legal Ch\u00e2teau la Croix du Casse","description":"Legal mentions of Ch\u00e2teau la Croix du Casse website","robots":{"index":"index","follow":"follow","max-snippet":"max-snippet:-1","max-image-preview":"max-image-preview:large","max-video-preview":"max-video-preview:-1"},"canonical":"https:\/\/www.lacroixducasse.com\/en\/mentions-legales\/","og_locale":"en_US","og_type":"article","og_title":"Legal Ch\u00e2teau la Croix du Casse","og_description":"Legal mentions of Ch\u00e2teau la Croix du Casse website","og_url":"https:\/\/www.lacroixducasse.com\/en\/mentions-legales\/","og_site_name":"Ch\u00e2teau Batailley","article_modified_time":"2025-02-11T10:00:40+00:00","twitter_card":"summary_large_image","twitter_misc":{"Est. reading time":"2 minutes"},"schema":{"@context":"https:\/\/schema.org","@graph":[{"@type":"WebPage","@id":"https:\/\/www.lacroixducasse.com\/en\/mentions-legales\/","url":"https:\/\/www.lacroixducasse.com\/en\/mentions-legales\/","name":"Legal Ch\u00e2teau la Croix du Casse","isPartOf":{"@id":"https:\/\/www.lacroixducasse.com\/en\/#website"},"datePublished":"2019-04-16T11:46:56+00:00","dateModified":"2025-02-11T10:00:40+00:00","description":"Legal mentions of Ch\u00e2teau la Croix du Casse website","breadcrumb":{"@id":"https:\/\/www.lacroixducasse.com\/en\/mentions-legales\/#breadcrumb"},"inLanguage":"en-US","potentialAction":[{"@type":"ReadAction","target":["https:\/\/www.lacroixducasse.com\/en\/mentions-legales\/"]}]},{"@type":"BreadcrumbList","@id":"https:\/\/www.lacroixducasse.com\/en\/mentions-legales\/#breadcrumb","itemListElement":[{"@type":"ListItem","position":1,"name":"Accueil","item":"https:\/\/www.lacroixducasse.com\/en\/"},{"@type":"ListItem","position":2,"name":"Legal"}]},{"@type":"WebSite","@id":"https:\/\/www.lacroixducasse.com\/en\/#website","url":"https:\/\/www.lacroixducasse.com\/en\/","name":"Ch\u00e2teau Batailley","description":"Grand Cru Classe en 1855","potentialAction":[{"@type":"SearchAction","target":{"@type":"EntryPoint","urlTemplate":"https:\/\/www.lacroixducasse.com\/en\/?s={search_term_string}"},"query-input":{"@type":"PropertyValueSpecification","valueRequired":true,"valueName":"search_term_string"}}],"inLanguage":"en-US"}]}},"_links":{"self":[{"href":"https:\/\/www.lacroixducasse.com\/en\/wp-json\/wp\/v2\/pages\/5241"}],"collection":[{"href":"https:\/\/www.lacroixducasse.com\/en\/wp-json\/wp\/v2\/pages"}],"about":[{"href":"https:\/\/www.lacroixducasse.com\/en\/wp-json\/wp\/v2\/types\/page"}],"author":[{"embeddable":true,"href":"https:\/\/www.lacroixducasse.com\/en\/wp-json\/wp\/v2\/users\/3"}],"replies":[{"embeddable":true,"href":"https:\/\/www.lacroixducasse.com\/en\/wp-json\/wp\/v2\/comments?post=5241"}],"version-history":[{"count":5,"href":"https:\/\/www.lacroixducasse.com\/en\/wp-json\/wp\/v2\/pages\/5241\/revisions"}],"predecessor-version":[{"id":5392,"href":"https:\/\/www.lacroixducasse.com\/en\/wp-json\/wp\/v2\/pages\/5241\/revisions\/5392"}],"wp:attachment":[{"href":"https:\/\/www.lacroixducasse.com\/en\/wp-json\/wp\/v2\/media?parent=5241"}],"curies":[{"name":"wp","href":"https:\/\/api.w.org\/{rel}","templated":true}]}}