{"id":5295,"date":"2019-04-17T09:29:53","date_gmt":"2019-04-17T09:29:53","guid":{"rendered":"https:\/\/www.lacroixducasse.com\/home\/"},"modified":"2024-10-22T15:34:41","modified_gmt":"2024-10-22T13:34:41","slug":"home","status":"publish","type":"page","link":"https:\/\/www.lacroixducasse.com\/zh-hant\/home\/","title":{"rendered":"\u9996\u9875 &#8211; Accueil"},"content":{"rendered":"<div class=\"wpb-content-wrapper\">[vc_row full_height=&#8221;yes&#8221; columns_placement=&#8221;stretch&#8221; equal_height=&#8221;yes&#8221; css_animation=&#8221;none&#8221; el_id=&#8221;section-1&#8243; el_class=&#8221;vc_row_slider&#8221;][vc_column el_class=&#8221;column-no-zindex&#8221;]\t<section class=\"section-slider-main\">\n\t\t\n\t\t<div class=\"slider-main\">\n\t\t\t<div class=\"slider__clip swiper-container\">\n\t\t\t\t<div class=\"slider__slides swiper-wrapper\">\n\t\t\t\t\t\t<div class=\"slider__slide swiper-slide\">\n\t\t<div class=\"slider__slide-image\"\n\t\tstyle=\"background-image: url(https:\/\/www.lacroixducasse.com\/wp-content\/uploads\/2022\/03\/BLOC-1-1.jpg);\">\n\t\t<\/div><!-- \/.slider__slide-image -->\n\n\t\t\t\t\t<div class=\"slider__slide-content\">\n\t\t\t\t<a href=\"https:\/\/www.lacroixducasse.com\/zh-hant\/\" class=\"intro-logo\">\n\t\t\t\t\t<img decoding=\"async\" src=\"https:\/\/www.lacroixducasse.com\/wp-content\/uploads\/2022\/03\/Group-108.svg\" class=\"aligncenter logo-desktop\" alt=\"\" \/><img decoding=\"async\" src=\"https:\/\/www.lacroixducasse.com\/wp-content\/uploads\/2022\/03\/Group-108.svg\" class=\"aligncenter logo-mobile\" alt=\"\" \/>\t\t\t\t<\/a>\n\t\t\t<\/div><!-- \/.slider__slide-content -->\n\t\t\t<\/div><!-- \/.slider__slide -->\n\t\t<div class=\"slider__slide swiper-slide\">\n\t\t<div class=\"slider__slide-image slider__slide--video\">\n\t\t\t<div id=\"video-iZdUKG0V4N0\"\n\t\t\t\tclass=\"video\"\n\t\t\t\tdata-video-width=\"640\"\n\t\t\t\tdata-video-height=\"360\"\n\t\t\t\tdata-video-offset=\"20\"\n\t\t\t>\n\t\t\t\t<div class=\"js-player\"\n\t\t\t\t\tid=\"player-iZdUKG0V4N0\"\n\t\t\t\t\tdata-plyr-provider=\"youtube\"\n\t\t\t\t\tdata-plyr-embed-id=\"iZdUKG0V4N0\"\n\t\t\t\t><\/div>\n\t\t\t<\/div><!-- \/.video -->\n\t\t<\/div><!-- \/.slider__slide-image -->\n\n\t\t\t<\/div><!-- \/.slider__slide -->\n\t\n\t\t\t\t<\/div><!-- \/.slider__slides -->\n\t\t\t<\/div><!-- \/.slider__clip -->\n\n\t\t\t<div class=\"swiper-button-prev\"><\/div>\n\t\t\t<div class=\"swiper-button-next\"><\/div>\n\t\t<\/div><!-- \/.slider-main -->\n\t<\/section><!-- \/.section-slider-main -->\n\t[\/vc_column][\/vc_row][vc_row full_height=&#8221;yes&#8221; columns_placement=&#8221;stretch&#8221; equal_height=&#8221;yes&#8221; content_placement=&#8221;middle&#8221; el_id=&#8221;section-2&#8243; el_class=&#8221;vc_row_overlap&#8221;][vc_column css_animation=&#8221;fadeInLeft&#8221; width=&#8221;5\/12&#8243;][vc_column_text el_class=&#8221;wpb_text_column&#8211;overflow-title&#8221;]\n<h2><span style=\"color: #002e6d;\">Ch\u00e2teau la Croix du Casse,<br \/>\n\u81ea 2005 \u5e74\u8d77\u5c5e\u4e8e Cast\u00e9ja \u5bb6\u65cf <\/span><\/h2>\n<p>\u4ee5\u524d\u7531Audy-Arcaute\u5bb6\u65cf\u7ef4\u62a4\u5f97\u5f88\u597d\uff0c\u7136\u540e\u79bb\u5f00\u4e86\u51e0\u5e74\uff0c\u53ef\u4ee5\u8bf4\uff0c\u88ab\u9057\u5f03\u4e86\uff0c\u8be5\u5730\u4ea7\u4e8e2005\u5e74\u56de\u5230Cast\u00e9ja\u5bb6\u65cf\u7684\u624b\u4e2d\uff0c\u5e76\u8fdb\u884c\u4e86\u91cd\u7ec4\uff0c\u4ee5\u63d0\u9ad8\u5176\u8461\u8404\u9152\u7684\u8d28\u91cf\u3002\u76ee\u524d\uff0c\u8be5\u9152\u5e84\u662f BCAP \u96c6\u56e2\u6536\u8d2d\u7684\u5012\u6570\u7b2c\u4e8c\u4e2a\u9152\u5e84\u3002<\/p>\n<p><a href=\"https:\/\/www.lacroixducasse.com\/zh-hant\/presentation\/\">\u4e86\u89e3\u66f4\u591a\u5173\u4e8e\u9152\u5e84\u7684\u5386\u53f2 <\/a>[\/vc_column_text][\/vc_column][vc_column css_animation=&#8221;fadeInRight&#8221; width=&#8221;7\/12&#8243; css=&#8221;.vc_custom_1647355631466{padding-right: 15px !important;background-image: url(http:\/\/www.lacroixducasse.com\/wp-content\/uploads\/2022\/03\/BLOC-2-P1-LE-CHATEAU-LA-CROIX-DU-CASSE-1.jpg?id=4570) !important;background-position: center !important;background-repeat: no-repeat !important;background-size: cover !important;}&#8221;][\/vc_column][\/vc_row][vc_row content_placement=&#8221;bottom&#8221; el_id=&#8221;section-3&#8243; css=&#8221;.vc_custom_1621578947557{background-color: #f8f7f7 !important;}&#8221; el_class=&#8221;vc_row_overlap&#8221;][vc_column css_animation=&#8221;fadeInLeft&#8221; width=&#8221;5\/12&#8243;][vc_single_image image=&#8221;4575&#8243; img_size=&#8221;full&#8221; alignment=&#8221;right&#8221;][\/vc_column][vc_column css_animation=&#8221;fadeInRight&#8221; width=&#8221;7\/12&#8243; el_class=&#8221;flex-center&#8221;][vc_column_text el_class=&#8221;wpb_text_column&#8211;overflow-title&#8221;]\n<h2><span style=\"color: #002e6d;\">\u6ce2\u7f8e\u4faf\u4ee5\u5357\u6f5c\u529b\u5de8\u5927\u7684\u8461\u8404\u56ed <\/span><\/h2>\n<p>Ch\u00e2teau La Croix du Casse \u7684\u8461\u8404\u56ed\u4f4d\u4e8e\u6ce2\u7f8e\u4faf\u4ea7\u533a\u5357\u90e8\uff0c\u662f\u8be5\u4ea7\u533a\u6700\u65e9\u7684\u98ce\u571f\u4e4b\u4e00\uff0c\u5360\u5730 9.5 \u516c\u9877\uff0c\u8461\u8404\u54c1\u79cd\u4e3a\u8be5\u4ea7\u533a\u8461\u8404\u9152\u7684\u4ee3\u8868\uff1a90% \u7f8e\u4e50\u548c 10% \u54c1\u4e3d\u73e0\u3002\u5176\u6c99\u783e\u548c\u94c1\u8d28\u6c89\u79ef\u571f\u58e4\u4f7f\u5176\u80fd\u591f\u751f\u4ea7\u51fa\u4f18\u8d28\u7684\u8461\u8404\u3002<\/p>\n<p><a href=\"https:\/\/www.lacroixducasse.com\/zh-hant\/terroir\">\u63a2\u7d22 Ch\u00e2teau La Croix du Casse \u7684\u98ce\u571f\u548c\u8461\u8404\u56ed<\/a>[\/vc_column_text][\/vc_column][\/vc_row][vc_row full_height=&#8221;yes&#8221; columns_placement=&#8221;stretch&#8221; equal_height=&#8221;yes&#8221; content_placement=&#8221;middle&#8221; css=&#8221;.vc_custom_1647355689656{background-image: url(http:\/\/www.lacroixducasse.com\/wp-content\/uploads\/2022\/03\/BLOC-4-P3-UN-SAVOIR-FAIRE-MINUTIEUX-1-scaled.jpg?id=4578) !important;background-position: center !important;background-repeat: no-repeat !important;background-size: cover !important;}&#8221; el_id=&#8221;section-4&#8243; el_class=&#8221;vc_row_dark_overlay&#8221;][vc_column css_animation=&#8221;fadeIn&#8221; width=&#8221;1\/6&#8243;][\/vc_column][vc_column css_animation=&#8221;fadeIn&#8221; width=&#8221;5\/6&#8243;][vc_column_text css=&#8221;.vc_custom_1729603961452{padding-top: 50px !important;padding-right: 160px !important;padding-bottom: 50px !important;padding-left: 0px !important;}&#8221; el_class=&#8221;text_column&#8211;dark-section&#8221;]\n<h3><span style=\"color: #ffffff;\">\u5728\u5c0a\u91cd\u73af\u5883\u4e0b\u6781\u81f4\u7684\u4e13\u4e1a\u77e5\u8bc6 <\/span><\/h3>\n<p><span style=\"color: #ffffff;\">Cast\u00e9ja \u5bb6\u65cf\u6ce8\u91cd\u73af\u5883\u4fdd\u62a4\uff0c\u6ce8\u91cd\u6309\u7167\u6ce2\u5c14\u591a\u4f20\u7edf\u751f\u4ea7\u8461\u8404\u9152\uff0c\u540c\u65f6\u5c0a\u91cd\u9152\u5e84\u7684\u751f\u6001\u7cfb\u7edf\u3002<br \/>\n<\/span><\/p>\n<p><a href=\"https:\/\/www.lacroixducasse.com\/zh-hant\/savoir-faire\">\u63a2\u7d22\u6211\u4eec\u8461\u8404\u9152\u7684\u4e0d\u540c\u751f\u4ea7\u9636\u6bb5\u3002<\/a>[\/vc_column_text][\/vc_column][\/vc_row][vc_row full_height=&#8221;yes&#8221; columns_placement=&#8221;stretch&#8221; equal_height=&#8221;yes&#8221; content_placement=&#8221;middle&#8221; el_id=&#8221;section-5&#8243; el_class=&#8221;vc_row_overlap&#8221;][vc_column css_animation=&#8221;fadeInLeft&#8221; width=&#8221;5\/12&#8243;][vc_column_text]\n<h3><span style=\"color: #002e6d;\">\u62e5\u6709\u53f3\u5cb8\u5217\u7ea7\u5e84\u4e00\u7ea7\u56ed\u7ecf\u9a8c\u7684\u56e2\u961f <\/span><\/h3>\n<p>Ch\u00e2teau La Croix du Casse \u7684\u56e2\u961f\u4e0e Ch\u00e2teau TrotteVieille\u30011er Grand Cru Class\u00e9 Saint Emilion Grand Cru \u7684\u56e2\u961f\u76f8\u540c\u3002\u5728 Philippe Cast\u00e9ja \u7684\u7ba1\u7406\u4e0b\uff0c\u4ee5\u53ca\u4ed6\u5728 TrotteVieille \u548c Domaine de l&#8217;Eglise \u7684\u7ecf\u9a8c\uff0c\u8be5\u56e2\u961f\u5c06 La Croix du Casse \u7684\u8461\u8404\u9152\u63a8\u5411\u6ce2\u7f8e\u4faf\u4ea7\u533a\u6700\u597d\u7684\u8461\u8404\u9152\u3002<\/p>\n<p><a href=\"https:\/\/www.lacroixducasse.com\/zh-hant\/equipe-du-chateau\/\">\u4e86\u89e3\u66f4\u591a\u56e2\u961f\u8baf\u606f <\/a>[\/vc_column_text][\/vc_column][vc_column css_animation=&#8221;none&#8221; width=&#8221;7\/12&#8243; css=&#8221;.vc_custom_1647355709990{padding-right: 15px !important;background-image: url(http:\/\/www.lacroixducasse.com\/wp-content\/uploads\/2022\/03\/BLOC-5-P4-EQUIPE-1.jpg?id=4582) !important;background-position: center !important;background-repeat: no-repeat !important;background-size: cover !important;}&#8221;][\/vc_column][\/vc_row][vc_row full_height=&#8221;yes&#8221; columns_placement=&#8221;stretch&#8221; equal_height=&#8221;yes&#8221; content_placement=&#8221;middle&#8221; el_id=&#8221;section-6&#8243;][vc_column css_animation=&#8221;fadeInLeft&#8221; width=&#8221;1\/2&#8243; css=&#8221;.vc_custom_1647355736559{background-image: url(http:\/\/www.lacroixducasse.com\/wp-content\/uploads\/2022\/03\/BLOC-6-P5-DEUX-VINS-DE-PLAISIR-1.jpg?id=4586) !important;background-position: center !important;background-repeat: no-repeat !important;background-size: cover !important;}&#8221;][\/vc_column][vc_column css_animation=&#8221;fadeInRight&#8221; width=&#8221;1\/2&#8243;][vc_column_text]\n<h3><span style=\"color: #002e6d;\">\u4e24\u6b3e\u7f8e\u9152 <\/span><\/h3>\n<p>Ch\u00e2teau La Croix du Casse \u53ca\u5176\u526f\u724c\u9152 Les Chemins de la Croix du Casse\u6ce2\u7f8e\u4faf\u6cd5\u5b9a\u4ea7\u533a\uff0c\u90fd\u662f\u4ee4\u4eba\u6109\u60a6\u7684\u8461\u8404\u9152\uff0c\u53e3\u611f\u5b9c\u4eba\uff0c\u5e26\u6709\u6021\u4eba\u7684\u679c\u9999\u548c\u82b1\u9999\u3002<\/p>\n<p><a href=\"https:\/\/www.lacroixducasse.com\/zh-hant\/les-vins\/\">\u6309\u5e74\u4efd\u67e5\u770b\u6211\u4eec\u7684\u8461\u8404\u9152<\/a>[\/vc_column_text][\/vc_column][\/vc_row][vc_row full_height=&#8221;yes&#8221; columns_placement=&#8221;stretch&#8221; equal_height=&#8221;yes&#8221; content_placement=&#8221;middle&#8221; el_id=&#8221;section-7&#8243; css=&#8221;.vc_custom_1630480612429{padding-top: 80px !important;background-color: #f8f7f7 !important;}&#8221;][vc_column][vc_row_inner el_class=&#8221;vc_row_news_title&#8221;][vc_column_inner el_class=&#8221;section-news-text&#8221;][vc_column_text]\n<h2><span style=\"color: #002e6d;\">\u6211\u4eec\u7684\u6700\u65b0\u6d88\u606f<\/span><\/h2>\n[\/vc_column_text][\/vc_column_inner][\/vc_row_inner][\/vc_column][\/vc_row]\n<\/div>","protected":false},"excerpt":{"rendered":"<p>[vc_row full_height=&#8221;yes&#8221; columns_placement=&#8221;stretch&#8221; equal_height=&#8221;yes&#8221; css_animation=&#8221;none&#8221; el_id=&#8221;section-1&#8243; el_class=&#8221;vc_row_slider&#8221;][vc_column el_class=&#8221;column-no-zindex&#8221;][\/vc_column][\/vc_row][vc_row full_height=&#8221;yes&#8221; columns_placement=&#8221;stretch&#8221; equal_height=&#8221;yes&#8221; content_placement=&#8221;middle&#8221; el_id=&#8221;section-2&#8243; el_class=&#8221;vc_row_overlap&#8221;][vc_column css_animation=&#8221;fadeInLeft&#8221; width=&#8221;5\/12&#8243;][vc_column_text el_class=&#8221;wpb_text_column&#8211;overflow-title&#8221;] Ch\u00e2teau la Croix du Casse, \u81ea 2005 \u5e74\u8d77\u5c5e\u4e8e Cast\u00e9ja \u5bb6\u65cf \u4ee5\u524d\u7531Audy-Arcaute\u5bb6\u65cf\u7ef4\u62a4\u5f97\u5f88\u597d\uff0c\u7136\u540e\u79bb\u5f00\u4e86\u51e0\u5e74\uff0c\u53ef\u4ee5\u8bf4\uff0c\u88ab\u9057\u5f03\u4e86\uff0c\u8be5\u5730\u4ea7\u4e8e2005\u5e74\u56de\u5230Cast\u00e9ja\u5bb6\u65cf\u7684\u624b\u4e2d\uff0c\u5e76\u8fdb\u884c\u4e86\u91cd\u7ec4\uff0c\u4ee5\u63d0\u9ad8\u5176\u8461\u8404\u9152\u7684\u8d28\u91cf\u3002\u76ee\u524d\uff0c\u8be5\u9152\u5e84\u662f (&#8230;)<\/p>\n","protected":false},"author":3,"featured_media":0,"parent":0,"menu_order":0,"comment_status":"closed","ping_status":"closed","template":"","meta":{"footnotes":""},"class_list":["post-5295","page","type-page","status-publish","hentry"],"yoast_head":"<!-- This site is optimized with the Yoast SEO plugin v23.7 - https:\/\/yoast.com\/wordpress\/plugins\/seo\/ -->\n<title>Ch\u00e2teau La Croix du Casse - Pomerol<\/title>\n<meta name=\"description\" content=\"Grand Cru Class\u00e9 AOC Pauillac en 1855, le Ch\u00e2teau Lynch-Moussas, acquis par Jean Cast\u00e9ja en 1919, compte parmi les fleurons de la famille depuis un si\u00e8cle.\" \/>\n<meta name=\"robots\" content=\"index, follow, max-snippet:-1, max-image-preview:large, max-video-preview:-1\" \/>\n<link rel=\"canonical\" href=\"https:\/\/www.lacroixducasse.com\/zh-hant\/home\/\" \/>\n<meta property=\"og:locale\" content=\"zh_TW\" \/>\n<meta property=\"og:type\" content=\"article\" \/>\n<meta property=\"og:title\" content=\"Ch\u00e2teau La Croix du Casse - Pomerol\" \/>\n<meta property=\"og:description\" content=\"Grand Cru Class\u00e9 AOC Pauillac en 1855, le Ch\u00e2teau Lynch-Moussas, acquis par Jean Cast\u00e9ja en 1919, compte parmi les fleurons de la famille depuis un si\u00e8cle.\" \/>\n<meta property=\"og:url\" content=\"https:\/\/www.lacroixducasse.com\/zh-hant\/home\/\" \/>\n<meta property=\"og:site_name\" content=\"Ch\u00e2teau La Croix du Casse\" \/>\n<meta property=\"article:modified_time\" content=\"2024-10-22T13:34:41+00:00\" \/>\n<meta name=\"twitter:card\" content=\"summary_large_image\" \/>\n<meta name=\"twitter:label1\" content=\"Est. reading time\" \/>\n\t<meta name=\"twitter:data1\" content=\"3 minutes\" \/>\n<script type=\"application\/ld+json\" class=\"yoast-schema-graph\">{\"@context\":\"https:\/\/schema.org\",\"@graph\":[{\"@type\":\"WebPage\",\"@id\":\"https:\/\/www.lacroixducasse.com\/zh-hant\/home\/\",\"url\":\"https:\/\/www.lacroixducasse.com\/zh-hant\/home\/\",\"name\":\"Ch\u00e2teau La Croix du Casse - Pomerol\",\"isPartOf\":{\"@id\":\"https:\/\/www.lacroixducasse.com\/zh-hant\/#website\"},\"datePublished\":\"2019-04-17T09:29:53+00:00\",\"dateModified\":\"2024-10-22T13:34:41+00:00\",\"description\":\"Grand Cru Class\u00e9 AOC Pauillac en 1855, le Ch\u00e2teau Lynch-Moussas, acquis par Jean Cast\u00e9ja en 1919, compte parmi les fleurons de la famille depuis un si\u00e8cle.\",\"breadcrumb\":{\"@id\":\"https:\/\/www.lacroixducasse.com\/zh-hant\/home\/#breadcrumb\"},\"inLanguage\":\"zh-TW\",\"potentialAction\":[{\"@type\":\"ReadAction\",\"target\":[\"https:\/\/www.lacroixducasse.com\/zh-hant\/home\/\"]}]},{\"@type\":\"BreadcrumbList\",\"@id\":\"https:\/\/www.lacroixducasse.com\/zh-hant\/home\/#breadcrumb\",\"itemListElement\":[{\"@type\":\"ListItem\",\"position\":1,\"name\":\"Accueil\",\"item\":\"https:\/\/www.lacroixducasse.com\/zh-hant\/\"},{\"@type\":\"ListItem\",\"position\":2,\"name\":\"\u9996\u9875 &#8211; Accueil\"}]},{\"@type\":\"WebSite\",\"@id\":\"https:\/\/www.lacroixducasse.com\/zh-hant\/#website\",\"url\":\"https:\/\/www.lacroixducasse.com\/zh-hant\/\",\"name\":\"Ch\u00e2teau La Croix du Casse\",\"description\":\"Pomerol\",\"potentialAction\":[{\"@type\":\"SearchAction\",\"target\":{\"@type\":\"EntryPoint\",\"urlTemplate\":\"https:\/\/www.lacroixducasse.com\/zh-hant\/?s={search_term_string}\"},\"query-input\":{\"@type\":\"PropertyValueSpecification\",\"valueRequired\":true,\"valueName\":\"search_term_string\"}}],\"inLanguage\":\"zh-TW\"}]}<\/script>\n<!-- \/ Yoast SEO plugin. -->","yoast_head_json":{"title":"Ch\u00e2teau La Croix du Casse - Pomerol","description":"Grand Cru Class\u00e9 AOC Pauillac en 1855, le Ch\u00e2teau Lynch-Moussas, acquis par Jean Cast\u00e9ja en 1919, compte parmi les fleurons de la famille depuis un si\u00e8cle.","robots":{"index":"index","follow":"follow","max-snippet":"max-snippet:-1","max-image-preview":"max-image-preview:large","max-video-preview":"max-video-preview:-1"},"canonical":"https:\/\/www.lacroixducasse.com\/zh-hant\/home\/","og_locale":"zh_TW","og_type":"article","og_title":"Ch\u00e2teau La Croix du Casse - Pomerol","og_description":"Grand Cru Class\u00e9 AOC Pauillac en 1855, le Ch\u00e2teau Lynch-Moussas, acquis par Jean Cast\u00e9ja en 1919, compte parmi les fleurons de la famille depuis un si\u00e8cle.","og_url":"https:\/\/www.lacroixducasse.com\/zh-hant\/home\/","og_site_name":"Ch\u00e2teau La Croix du Casse","article_modified_time":"2024-10-22T13:34:41+00:00","twitter_card":"summary_large_image","twitter_misc":{"Est. reading time":"3 minutes"},"schema":{"@context":"https:\/\/schema.org","@graph":[{"@type":"WebPage","@id":"https:\/\/www.lacroixducasse.com\/zh-hant\/home\/","url":"https:\/\/www.lacroixducasse.com\/zh-hant\/home\/","name":"Ch\u00e2teau La Croix du Casse - Pomerol","isPartOf":{"@id":"https:\/\/www.lacroixducasse.com\/zh-hant\/#website"},"datePublished":"2019-04-17T09:29:53+00:00","dateModified":"2024-10-22T13:34:41+00:00","description":"Grand Cru Class\u00e9 AOC Pauillac en 1855, le Ch\u00e2teau Lynch-Moussas, acquis par Jean Cast\u00e9ja en 1919, compte parmi les fleurons de la famille depuis un si\u00e8cle.","breadcrumb":{"@id":"https:\/\/www.lacroixducasse.com\/zh-hant\/home\/#breadcrumb"},"inLanguage":"zh-TW","potentialAction":[{"@type":"ReadAction","target":["https:\/\/www.lacroixducasse.com\/zh-hant\/home\/"]}]},{"@type":"BreadcrumbList","@id":"https:\/\/www.lacroixducasse.com\/zh-hant\/home\/#breadcrumb","itemListElement":[{"@type":"ListItem","position":1,"name":"Accueil","item":"https:\/\/www.lacroixducasse.com\/zh-hant\/"},{"@type":"ListItem","position":2,"name":"\u9996\u9875 &#8211; Accueil"}]},{"@type":"WebSite","@id":"https:\/\/www.lacroixducasse.com\/zh-hant\/#website","url":"https:\/\/www.lacroixducasse.com\/zh-hant\/","name":"Ch\u00e2teau La Croix du Casse","description":"Pomerol","potentialAction":[{"@type":"SearchAction","target":{"@type":"EntryPoint","urlTemplate":"https:\/\/www.lacroixducasse.com\/zh-hant\/?s={search_term_string}"},"query-input":{"@type":"PropertyValueSpecification","valueRequired":true,"valueName":"search_term_string"}}],"inLanguage":"zh-TW"}]}},"_links":{"self":[{"href":"https:\/\/www.lacroixducasse.com\/zh-hant\/wp-json\/wp\/v2\/pages\/5295"}],"collection":[{"href":"https:\/\/www.lacroixducasse.com\/zh-hant\/wp-json\/wp\/v2\/pages"}],"about":[{"href":"https:\/\/www.lacroixducasse.com\/zh-hant\/wp-json\/wp\/v2\/types\/page"}],"author":[{"embeddable":true,"href":"https:\/\/www.lacroixducasse.com\/zh-hant\/wp-json\/wp\/v2\/users\/3"}],"replies":[{"embeddable":true,"href":"https:\/\/www.lacroixducasse.com\/zh-hant\/wp-json\/wp\/v2\/comments?post=5295"}],"version-history":[{"count":3,"href":"https:\/\/www.lacroixducasse.com\/zh-hant\/wp-json\/wp\/v2\/pages\/5295\/revisions"}],"predecessor-version":[{"id":5298,"href":"https:\/\/www.lacroixducasse.com\/zh-hant\/wp-json\/wp\/v2\/pages\/5295\/revisions\/5298"}],"wp:attachment":[{"href":"https:\/\/www.lacroixducasse.com\/zh-hant\/wp-json\/wp\/v2\/media?parent=5295"}],"curies":[{"name":"wp","href":"https:\/\/api.w.org\/{rel}","templated":true}]}}